{"id":8838,"date":"2024-06-05T09:43:45","date_gmt":"2024-06-05T07:43:45","guid":{"rendered":"https:\/\/cms.bv.ownstack.net\/rights-and-licenses\/"},"modified":"2024-09-16T11:56:04","modified_gmt":"2024-09-16T09:56:04","slug":"rights-and-licenses","status":"publish","type":"page","link":"https:\/\/emag.baerenreiter.com\/en\/rights-and-licenses\/","title":{"rendered":"Rights and Licenses"},"content":{"rendered":"<div class=\"grve-section grve-row-section grve-fullwidth-background grve-padding-top-1x grve-padding-bottom-1x grve-with-bg-transparent\" data-header-color=\"default\"><div class=\"grve-container\"><div class=\"grve-row grve-bookmark grve-columns-gap-default grve-mobile-vertical-gap-30\"><div class=\"grve-column wpb_column grve-bookmark grve-column-1  grve-with-bg-transparent\"><div class=\"grve-column-wrapper\"><div class=\"grve-column-content\" ><h2 class=\"grve-element grve-title grve-align-center grve-h3\"><span>Rights and Licenses<\/span><\/h2><div class=\"grve-element grve-divider brv-custom-divider\"><div class=\"grve-line-divider grve-border\"><\/div><\/div><\/div><\/div><\/div><div class=\"grve-column wpb_column grve-bookmark grve-column-1-5  grve-with-bg-transparent grve-empty-column\"><div class=\"grve-column-wrapper\"><div class=\"grve-column-content\" ><\/div><\/div><\/div><div class=\"grve-column wpb_column grve-bookmark grve-column-3-5  grve-with-bg-transparent\"><div class=\"grve-column-wrapper\"><div class=\"grve-column-content\" ><h3 class=\"grve-element grve-title grve-align-inherit grve-h4\"><span>Reproduction Rights<\/span><\/h3><div class=\"grve-element grve-text\">\r\n\t\t\t<p>We\u2019re delighted that you are interested in permission to reproduce a work from the B\u00e4renreiter publishing group\u2019s catalogue.<\/p>\n<p>A form is provided for your enquiry. Please note, however, that in applying for a licence, permission is not automatically granted. After checking your enquiry we will contact you as soon as possible.<\/p>\n<p>Please send your enquiry to <a href=\"mailto:abdruck@baerenreiter.com\">abdruck@baerenreiter.com<\/a>.<\/p>\n<p>Form<\/p>\n\r\n\t\t<\/div>\r\n\t<div class=\"grve-element grve-divider brv-custom-divider\"><div class=\"grve-line-divider grve-border\"><\/div><\/div><h3 class=\"grve-element grve-title grve-align-inherit grve-h4\"><span>Translation Rights<\/span><\/h3><div class=\"grve-element grve-text\">\r\n\t\t\t<p>B\u00e4renreiter offers a variety of interesting books for the international market and we are delighted that you are interested in translation rights.<\/p>\n<p>For many of the editions, we offer a summary of the contents, and sample pages help you to get a better impression of a particular edition.<\/p>\n<p>If you have any questions or would like further information, please contact us at any time.<\/p>\n<p>Form<\/p>\n\r\n\t\t<\/div>\r\n\t<div class=\"grve-element grve-divider brv-custom-divider\"><div class=\"grve-line-divider grve-border\"><\/div><\/div><h3 class=\"grve-element grve-title grve-align-inherit grve-h4\"><span>Film Music Licenses<\/span><\/h3><div class=\"grve-element grve-text\">\r\n\t\t\t<p>Our extensive catalogue ranges from the simple birthday canon \u201cViel Gl\u00fcck und viel Segen\u201d to major symphonic works in the contemporary repertoire.<\/p>\n<p>The following form can be used for your enquiries.<\/p>\n<p>Form<\/p>\n\r\n\t\t<\/div>\r\n\t<div class=\"grve-element grve-divider brv-custom-divider\"><div class=\"grve-line-divider grve-border\"><\/div><\/div><h3 class=\"grve-element grve-title grve-align-inherit grve-h4\"><span>H\u00f6rbuchlizenz<\/span><\/h3><div class=\"grve-element grve-text\">\r\n\t\t\t<p>Wenn Sie eins unserer B\u00fccher als H\u00f6rbuch ver\u00f6ffentlichen wollen, nehmen Sie mit uns Kontakt auf.<\/p>\n\r\n\t\t<\/div>\r\n\t<\/div><\/div><\/div><div class=\"grve-column wpb_column grve-bookmark grve-column-1-5  grve-with-bg-transparent grve-empty-column\"><div class=\"grve-column-wrapper\"><div class=\"grve-column-content\" ><\/div><\/div><\/div><\/div><\/div><\/div>\n"},"excerpt":{"rendered":"<div class=\"grve-section grve-row-section grve-fullwidth-background grve-padding-top-1x grve-padding-bottom-1x grve-with-bg-transparent\" data-header-color=\"default\"><div class=\"grve-container\"><div class=\"grve-row grve-bookmark grve-columns-gap-default grve-mobile-vertical-gap-30\"><div class=\"grve-column wpb_column grve-bookmark grve-column-1  grve-with-bg-transparent\"><div class=\"grve-column-wrapper\"><div class=\"grve-column-content\" ><h2 class=\"grve-element grve-title grve-align-center grve-h3\"><span>Rights and Licenses<\/span><\/h2><div class=\"grve-element grve-divider brv-custom-divider\"><div class=\"grve-line-divider grve-border\"><\/div><\/div><\/div><\/div><\/div><div class=\"grve-column wpb_column grve-bookmark grve-column-1-5  grve-with-bg-transparent grve-empty-column\"><div class=\"grve-column-wrapper\"><div class=\"grve-column-content\" ><\/div><\/div><\/div><div class=\"grve-column wpb_column grve-bookmark grve-column-3-5  grve-with-bg-transparent\"><div class=\"grve-column-wrapper\"><div class=\"grve-column-content\" ><h3 class=\"grve-element grve-title grve-align-inherit grve-h4\"><span>Reproduction Rights<\/span><\/h3><div class=\"grve-element grve-text\">\r\n\t\t\t<p>We\u2019re delighted that you are interested in permission to reproduce a work from the B\u00e4renreiter publishing group\u2019s catalogue.<\/p>\n<p>A form is provided for your enquiry. Please note, however, that in applying for a licence, permission is not automatically granted. After checking your enquiry we will contact you as soon as possible.<\/p>\n<p>Please send your enquiry to <a href=\"mailto:abdruck@baerenreiter.com\">abdruck@baerenreiter.com<\/a>.<\/p>\n<p>Form<\/p>\n\r\n\t\t<\/div>\r\n\t<div class=\"grve-element grve-divider brv-custom-divider\"><div class=\"grve-line-divider grve-border\"><\/div><\/div><h3 class=\"grve-element grve-title grve-align-inherit grve-h4\"><span>Translation Rights<\/span><\/h3><div class=\"grve-element grve-text\">\r\n\t\t\t<p>B\u00e4renreiter offers a variety of interesting books for the international market and we are delighted that you are interested in translation rights.<\/p>\n<p>For many of the editions, we offer a summary of the contents, and sample pages help you to get a better impression of a particular edition.<\/p>\n<p>If you have any questions or would like further information, please contact us at any time.<\/p>\n<p>Form<\/p>\n\r\n\t\t<\/div>\r\n\t<div class=\"grve-element grve-divider brv-custom-divider\"><div class=\"grve-line-divider grve-border\"><\/div><\/div><h3 class=\"grve-element grve-title grve-align-inherit grve-h4\"><span>Film Music Licenses<\/span><\/h3><div class=\"grve-element grve-text\">\r\n\t\t\t<p>Our extensive catalogue ranges from the simple birthday canon \u201cViel Gl\u00fcck und viel Segen\u201d to major symphonic works in the contemporary repertoire.<\/p>\n<p>The following form can be used for your enquiries.<\/p>\n<p>Form<\/p>\n\r\n\t\t<\/div>\r\n\t<div class=\"grve-element grve-divider brv-custom-divider\"><div class=\"grve-line-divider grve-border\"><\/div><\/div><h3 class=\"grve-element grve-title grve-align-inherit grve-h4\"><span>H\u00f6rbuchlizenz<\/span><\/h3><div class=\"grve-element grve-text\">\r\n\t\t\t<p>Wenn Sie eins unserer B\u00fccher als H\u00f6rbuch ver\u00f6ffentlichen wollen, nehmen Sie mit uns Kontakt auf.<\/p>\n\r\n\t\t<\/div>\r\n\t<\/div><\/div><\/div><div class=\"grve-column wpb_column grve-bookmark grve-column-1-5  grve-with-bg-transparent grve-empty-column\"><div class=\"grve-column-wrapper\"><div class=\"grve-column-content\" ><\/div><\/div><\/div><\/div><\/div><\/div>\n"},"author":5,"featured_media":0,"parent":0,"menu_order":70,"comment_status":"closed","ping_status":"closed","template":"","meta":{"_acf_changed":false,"_vp_format_video_url":"","_vp_image_focal_point":[],"_vp_custom_popup_image":0,"_vp_format_audio_url":"","_vp_album_images":[],"_vp_custom_thumbnail":0,"_vp_custom_thumbnail_focal_point":[],"_vp_custom_thumbnail_cover":0,"_vp_hover_thumbnail":0,"_vp_hover_thumbnail_focal_point":[],"footnotes":""},"class_list":["post-8838","page","type-page","status-publish","hentry","grve-entry-item"],"acf":[],"wpml_current_locale":"en_US","wpml_translations":{"de_DE":{"locale":"de_DE","id":8830,"slug":"rechte-und-lizenzen","post_title":"Rechte & Lizenzen","href":"https:\/\/emag.baerenreiter.com\/rechte-und-lizenzen\/"}},"_links":{"self":[{"href":"https:\/\/emag.baerenreiter.com\/en\/wp-json\/wp\/v2\/pages\/8838","targetHints":{"allow":["GET"]}}],"collection":[{"href":"https:\/\/emag.baerenreiter.com\/en\/wp-json\/wp\/v2\/pages"}],"about":[{"href":"https:\/\/emag.baerenreiter.com\/en\/wp-json\/wp\/v2\/types\/page"}],"author":[{"embeddable":true,"href":"https:\/\/emag.baerenreiter.com\/en\/wp-json\/wp\/v2\/users\/5"}],"replies":[{"embeddable":true,"href":"https:\/\/emag.baerenreiter.com\/en\/wp-json\/wp\/v2\/comments?post=8838"}],"version-history":[{"count":3,"href":"https:\/\/emag.baerenreiter.com\/en\/wp-json\/wp\/v2\/pages\/8838\/revisions"}],"predecessor-version":[{"id":13012,"href":"https:\/\/emag.baerenreiter.com\/en\/wp-json\/wp\/v2\/pages\/8838\/revisions\/13012"}],"wp:attachment":[{"href":"https:\/\/emag.baerenreiter.com\/en\/wp-json\/wp\/v2\/media?parent=8838"}],"curies":[{"name":"wp","href":"https:\/\/api.w.org\/{rel}","templated":true}]}}