{"id":18357,"date":"2025-12-12T07:39:08","date_gmt":"2025-12-12T06:39:08","guid":{"rendered":"https:\/\/emag.baerenreiter.com\/new-publications-1-2026\/"},"modified":"2026-01-06T07:58:40","modified_gmt":"2026-01-06T06:58:40","slug":"new-publications-1-2026","status":"publish","type":"page","link":"https:\/\/emag.baerenreiter.com\/en\/new-publications-1-2026\/","title":{"rendered":"New Publications 1\/2026"},"content":{"rendered":"<div class=\"grve-section grve-row-section grve-fullwidth-background grve-padding-top-1x grve-padding-bottom-1x grve-with-bg-transparent\" data-header-color=\"default\"><div class=\"grve-container\"><div class=\"grve-row grve-bookmark grve-columns-gap-default grve-mobile-vertical-gap-30\"><div class=\"grve-column wpb_column grve-bookmark grve-column-1  grve-with-bg-transparent\"><div class=\"grve-column-wrapper\"><div class=\"grve-column-content\" ><h2 class=\"grve-element grve-title grve-align-center grve-h3\"><span>New Publications 1\/2026<\/span><\/h2><div class=\"grve-element grve-divider brv-custom-divider\"><div class=\"grve-line-divider grve-border\"><\/div><\/div><\/div><\/div><\/div><div class=\"grve-column wpb_column grve-bookmark grve-column-1-4  grve-with-bg-transparent\"><div class=\"grve-column-wrapper\"><div class=\"grve-column-content\" ><div class=\"grve-element grve-image grve-align-center\">\r\n\t<div class=\"grve-image-item\">\r\n\t\t\r\n\r\n<div class=\"grve-image-wrapper grve-no-effect\">\r\n\t\t<a href=\"https:\/\/emag.baerenreiter.com\/en\/preview\/\" title=\"Preview\"><span class=\"screen-reader-text\">More<\/span>\t\t<div class=\"grve-thumbnail-wrapper\"  style=\"width: 208px;\"><div class=\"grve-thumbnail\"  style=\"padding-top: 141.346%;\"><img loading=\"lazy\" decoding=\"async\" width=\"208\" height=\"294\" src=\"https:\/\/emag.baerenreiter.com\/wp-content\/uploads\/2025\/12\/Vorschau_deutsch_1-2026_208_294.px_.png\" class=\"attachment-full size-full\" alt=\"\" srcset=\"https:\/\/emag.baerenreiter.com\/wp-content\/uploads\/2025\/12\/Vorschau_deutsch_1-2026_208_294.px_.png 1x,https:\/\/emag.baerenreiter.com\/wp-content\/uploads\/2025\/12\/Vorschau_deutsch_1-2026_208_294.px_.png 2x\" data-column-space=\"auto\" data-lazyload=\"\" data-grve-filter=\"yes\" loading=\"lazy\" \/><\/div><\/div>\t<\/a><\/div>\r\n\t<\/div>\r\n<\/div>\r\n<\/div><\/div><\/div><div class=\"grve-column wpb_column grve-bookmark grve-column-3-4  grve-with-bg-transparent\"><div class=\"grve-column-wrapper\"><div class=\"grve-column-content\" ><div class=\"grve-element grve-text\">\r\n\t\t\t<p>Dear Sir or Madam,<br \/>\ndear colleagues,<\/p>\n<p>I am pleased to present the <a href=\"https:\/\/emag.baerenreiter.com\/en\/preview\/\">new titles to be published during the first half of 2026<\/a>. This time we are placing a special focus on piano music: in addition to the second volume of Beethoven\u2019s piano sonatas with fingering by Marc-Andr\u00e9 Hamelin, there are several new publications spanning the centuries. \u201cH\u00e4ndel goes World\u201d brings this Baroque master into an intercultural dialogue\u2014have you ever seen or heard George Frideric Handel dance tango or sway to Balkan rhythms? Jean Kleeb makes it possible. In contrast, Franz Schubert\u2019s \u201cSix Grandes Marches\u201d are pure B\u00e4renreiter Urtext.<\/p>\n<p>For choirs you will find well-known works in editions reflecting the latest musicological research, such as the second version of Franz Schubert\u2019s Mass in G major. Handel is also prominently represented: performing editions of the \u201cAnthem on the Peace\u201d HWV 266 (267) and the \u201cFoundling Hospital Anthem\u201d HWV 268, based on the Halle Handel Edition, are included.<\/p>\n<p>There are also new chamber music editions: whether Beethoven\u2019s op. 16 in the versions for piano and four winds as well as for piano quartet, Leo\u0161 Jan\u00e1\u010dek\u2019s violin sonata arranged for violoncello, or the horn sonata by Czech composer Miloslav Kabel\u00e1\u010d\u2014 there is something for many instrumentalists. Singers will discover new material as well, such as the first volume of the Urtext edition of Anton\u00edn Dvo\u0159\u00e1k\u2019s songs and arias from French operas by Christoph Willibald Gluck.<\/p>\n<p>You will find the order form for review copies <a href=\"https:\/\/emag.baerenreiter.com\/wp-content\/uploads\/2025\/12\/Vorschau-1-2026-Bestellzettel-Internet-e.pdf\">here<\/a>.<\/p>\n<p>With best wishes for the coming year,<\/p>\n<p>Yours sincerely,<\/p>\n<p>Johannes Mundry<\/p>\n\r\n\t\t<\/div>\r\n\t<\/div><\/div><\/div><\/div><\/div><\/div>\n"},"excerpt":{"rendered":"<div class=\"grve-section grve-row-section grve-fullwidth-background grve-padding-top-1x grve-padding-bottom-1x grve-with-bg-transparent\" data-header-color=\"default\"><div class=\"grve-container\"><div class=\"grve-row grve-bookmark grve-columns-gap-default grve-mobile-vertical-gap-30\"><div class=\"grve-column wpb_column grve-bookmark grve-column-1  grve-with-bg-transparent\"><div class=\"grve-column-wrapper\"><div class=\"grve-column-content\" ><h2 class=\"grve-element grve-title grve-align-center grve-h3\"><span>New Publications 1\/2026<\/span><\/h2><div class=\"grve-element grve-divider brv-custom-divider\"><div class=\"grve-line-divider grve-border\"><\/div><\/div><\/div><\/div><\/div><div class=\"grve-column wpb_column grve-bookmark grve-column-1-4  grve-with-bg-transparent\"><div class=\"grve-column-wrapper\"><div class=\"grve-column-content\" ><div class=\"grve-element grve-image grve-align-center\">\r\n\t<div class=\"grve-image-item\">\r\n\t\t\r\n\r\n<div class=\"grve-image-wrapper grve-no-effect\">\r\n\t\t<a href=\"https:\/\/emag.baerenreiter.com\/en\/preview\/\" title=\"Preview\"><span class=\"screen-reader-text\">More<\/span>\t\t<div class=\"grve-thumbnail-wrapper\"  style=\"width: 208px;\"><div class=\"grve-thumbnail\"  style=\"padding-top: 141.346%;\"><img loading=\"lazy\" decoding=\"async\" width=\"208\" height=\"294\" src=\"https:\/\/emag.baerenreiter.com\/wp-content\/uploads\/2025\/12\/Vorschau_deutsch_1-2026_208_294.px_.png\" class=\"attachment-full size-full\" alt=\"\" srcset=\"https:\/\/emag.baerenreiter.com\/wp-content\/uploads\/2025\/12\/Vorschau_deutsch_1-2026_208_294.px_.png 1x,https:\/\/emag.baerenreiter.com\/wp-content\/uploads\/2025\/12\/Vorschau_deutsch_1-2026_208_294.px_.png 2x\" data-column-space=\"auto\" data-lazyload=\"\" data-grve-filter=\"yes\" loading=\"lazy\" \/><\/div><\/div>\t<\/a><\/div>\r\n\t<\/div>\r\n<\/div>\r\n<\/div><\/div><\/div><div class=\"grve-column wpb_column grve-bookmark grve-column-3-4  grve-with-bg-transparent\"><div class=\"grve-column-wrapper\"><div class=\"grve-column-content\" ><div class=\"grve-element grve-text\">\r\n\t\t\t<p>Dear Sir or Madam,<br \/>\ndear colleagues,<\/p>\n<p>I am pleased to present the <a href=\"https:\/\/emag.baerenreiter.com\/en\/preview\/\">new titles to be published during the first half of 2026<\/a>. This time we are placing a special focus on piano music: in addition to the second volume of Beethoven\u2019s piano sonatas with fingering by Marc-Andr\u00e9 Hamelin, there are several new publications spanning the centuries. \u201cH\u00e4ndel goes World\u201d brings this Baroque master into an intercultural dialogue\u2014have you ever seen or heard George Frideric Handel dance tango or sway to Balkan rhythms? Jean Kleeb makes it possible. In contrast, Franz Schubert\u2019s \u201cSix Grandes Marches\u201d are pure B\u00e4renreiter Urtext.<\/p>\n<p>For choirs you will find well-known works in editions reflecting the latest musicological research, such as the second version of Franz Schubert\u2019s Mass in G major. Handel is also prominently represented: performing editions of the \u201cAnthem on the Peace\u201d HWV 266 (267) and the \u201cFoundling Hospital Anthem\u201d HWV 268, based on the Halle Handel Edition, are included.<\/p>\n<p>There are also new chamber music editions: whether Beethoven\u2019s op. 16 in the versions for piano and four winds as well as for piano quartet, Leo\u0161 Jan\u00e1\u010dek\u2019s violin sonata arranged for violoncello, or the horn sonata by Czech composer Miloslav Kabel\u00e1\u010d\u2014 there is something for many instrumentalists. Singers will discover new material as well, such as the first volume of the Urtext edition of Anton\u00edn Dvo\u0159\u00e1k\u2019s songs and arias from French operas by Christoph Willibald Gluck.<\/p>\n<p>You will find the order form for review copies <a href=\"https:\/\/emag.baerenreiter.com\/wp-content\/uploads\/2025\/12\/Vorschau-1-2026-Bestellzettel-Internet-e.pdf\">here<\/a>.<\/p>\n<p>With best wishes for the coming year,<\/p>\n<p>Yours sincerely,<\/p>\n<p>Johannes Mundry<\/p>\n\r\n\t\t<\/div>\r\n\t<\/div><\/div><\/div><\/div><\/div><\/div>\n"},"author":5,"featured_media":0,"parent":0,"menu_order":70,"comment_status":"closed","ping_status":"closed","template":"","meta":{"_acf_changed":false,"_vp_format_video_url":"","_vp_image_focal_point":[],"_vp_custom_popup_image":0,"_vp_format_audio_url":"","_vp_album_images":[],"_vp_custom_thumbnail":0,"_vp_custom_thumbnail_focal_point":[],"_vp_custom_thumbnail_cover":0,"_vp_hover_thumbnail":0,"_vp_hover_thumbnail_focal_point":[],"footnotes":""},"class_list":["post-18357","page","type-page","status-publish","hentry","grve-entry-item"],"acf":[],"wpml_current_locale":"en_US","wpml_translations":{"de_DE":{"locale":"de_DE","id":18345,"slug":"die-neue-vorschau-1-2026","post_title":"Die neue Vorschau 1\/2026","href":"https:\/\/emag.baerenreiter.com\/die-neue-vorschau-1-2026\/"}},"_links":{"self":[{"href":"https:\/\/emag.baerenreiter.com\/en\/wp-json\/wp\/v2\/pages\/18357","targetHints":{"allow":["GET"]}}],"collection":[{"href":"https:\/\/emag.baerenreiter.com\/en\/wp-json\/wp\/v2\/pages"}],"about":[{"href":"https:\/\/emag.baerenreiter.com\/en\/wp-json\/wp\/v2\/types\/page"}],"author":[{"embeddable":true,"href":"https:\/\/emag.baerenreiter.com\/en\/wp-json\/wp\/v2\/users\/5"}],"replies":[{"embeddable":true,"href":"https:\/\/emag.baerenreiter.com\/en\/wp-json\/wp\/v2\/comments?post=18357"}],"version-history":[{"count":4,"href":"https:\/\/emag.baerenreiter.com\/en\/wp-json\/wp\/v2\/pages\/18357\/revisions"}],"predecessor-version":[{"id":18362,"href":"https:\/\/emag.baerenreiter.com\/en\/wp-json\/wp\/v2\/pages\/18357\/revisions\/18362"}],"wp:attachment":[{"href":"https:\/\/emag.baerenreiter.com\/en\/wp-json\/wp\/v2\/media?parent=18357"}],"curies":[{"name":"wp","href":"https:\/\/api.w.org\/{rel}","templated":true}]}}