{"id":17776,"date":"2025-08-28T10:39:40","date_gmt":"2025-08-28T08:39:40","guid":{"rendered":"https:\/\/emag.baerenreiter.com\/music-of-the-20th-and-21st-centuries\/"},"modified":"2025-08-28T11:36:35","modified_gmt":"2025-08-28T09:36:35","slug":"music-of-the-20th-and-21st-centuries","status":"publish","type":"page","link":"https:\/\/emag.baerenreiter.com\/en\/music-of-the-20th-and-21st-centuries\/","title":{"rendered":"Music of the 20th and 21st Centuries"},"content":{"rendered":"<div class=\"grve-section grve-row-section grve-fullwidth-background grve-padding-top-1x grve-padding-bottom-1x grve-with-bg-transparent\" data-header-color=\"default\"><div class=\"grve-container\"><div class=\"grve-row grve-bookmark grve-columns-gap-default grve-mobile-vertical-gap-30\"><div class=\"grve-column wpb_column grve-bookmark grve-column-1  grve-with-bg-transparent\"><div class=\"grve-column-wrapper\"><div class=\"grve-column-content\" ><div class=\"grve-element grve-image grve-align-center\">\r\n\t<div class=\"grve-image-item\">\r\n\t\t\r\n\r\n<div class=\"grve-image-wrapper grve-no-effect\">\r\n\t\t<div class=\"grve-thumbnail-wrapper\"  style=\"width: 1420px;\"><div class=\"grve-thumbnail\"  style=\"padding-top: 22.535%;\"><img loading=\"lazy\" decoding=\"async\" width=\"1420\" height=\"320\" src=\"https:\/\/emag.baerenreiter.com\/wp-content\/uploads\/2025\/08\/ZGM-Banner_eMag.jpg\" class=\"attachment-full size-full\" alt=\"\" srcset=\"https:\/\/emag.baerenreiter.com\/wp-content\/uploads\/2025\/08\/ZGM-Banner_eMag.jpg 1x,https:\/\/emag.baerenreiter.com\/wp-content\/uploads\/2025\/08\/ZGM-Banner_eMag.jpg 2x\" data-column-space=\"auto\" data-lazyload=\"\" data-grve-filter=\"yes\" loading=\"lazy\" \/><\/div><\/div>\t<\/div>\r\n\t<\/div>\r\n<\/div>\r\n<div class=\"grve-empty-space grve-height-1x\"><\/div><h2 class=\"grve-element grve-title grve-align-center grve-h3\"><span>Music of the 20th and 21st Centuries<\/span><\/h2><\/div><\/div><\/div><\/div><\/div><\/div><div class=\"grve-section grve-row-section grve-fullwidth-background grve-padding-top-1x grve-padding-bottom-1x grve-with-bg-transparent\" data-header-color=\"default\"><div class=\"grve-container\"><div class=\"grve-row grve-bookmark grve-columns-gap-default grve-mobile-vertical-gap-30\"><div class=\"grve-column wpb_column grve-bookmark grve-column-1-3  grve-with-bg-transparent\"><div class=\"grve-column-wrapper\"><div class=\"grve-column-content\" ><div class=\"grve-element grve-text\">\r\n\t\t\t<p><a href=\"https:\/\/emag.baerenreiter.com\/en\/ammann-dieter\/\">Ammann, Dieter<\/a><\/p>\n<p><a href=\"https:\/\/emag.baerenreiter.com\/en\/barraque-jean\/\">Barraqu\u00e9, Jean<\/a><\/p>\n<p><a href=\"https:\/\/emag.baerenreiter.com\/en\/bialas-guenter\/\">Bialas, G\u00fcnther<\/a><\/p>\n<p><a href=\"https:\/\/emag.baerenreiter.com\/en\/cekovska-lubica\/\">\u010cekovsk\u00e1, \u013dubica<\/a><\/p>\n<p><a href=\"https:\/\/emag.baerenreiter.com\/en\/distler-hugo\/\">Distler, Hugo<\/a><\/p>\n<p><a href=\"https:\/\/emag.baerenreiter.com\/en\/furrer-beat\/\">Furrer, Beat<\/a><\/p>\n<p><a href=\"https:\/\/emag.baerenreiter.com\/en\/hamel-peter-michael\/\">Hamel, Peter Michael<\/a><\/p>\n<p><a href=\"https:\/\/emag.baerenreiter.com\/en\/huber-nicolaus-a\/\">Huber, Nicolaus A.<\/a><\/p>\n<p><a href=\"https:\/\/emag.baerenreiter.com\/en\/karassikov-vadim\/\">Karassikov, Vadim<\/a><\/p>\n\r\n\t\t<\/div>\r\n\t<\/div><\/div><\/div><div class=\"grve-column wpb_column grve-bookmark grve-column-1-3  grve-with-bg-transparent\"><div class=\"grve-column-wrapper\"><div class=\"grve-column-content\" ><div class=\"grve-element grve-text\">\r\n\t\t\t<p><a href=\"https:\/\/emag.baerenreiter.com\/en\/kelterborn-rudolf\/\">Kelterborn, Rudolf<\/a><\/p>\n<p><a href=\"https:\/\/emag.baerenreiter.com\/en\/klebe-giselher\/\">Klebe, Giselher<\/a><\/p>\n<p><a href=\"https:\/\/emag.baerenreiter.com\/en\/krenek-ernst\/\">Krenek, Ernst<\/a><\/p>\n<p><a href=\"https:\/\/emag.baerenreiter.com\/en\/lopez-jorge-e\/\">L\u00f3pez, Jorge E.<\/a><\/p>\n<p><a href=\"https:\/\/emag.baerenreiter.com\/en\/maintz-philipp\/\">Maintz, Philipp<\/a><\/p>\n<p><a href=\"https:\/\/emag.baerenreiter.com\/en\/de-la-motte-diether\/\">Motte, Diether de la<\/a><\/p>\n<p><a href=\"https:\/\/emag.baerenreiter.com\/en\/pintscher-matthias\/\">Pintscher, Matthias<\/a><\/p>\n<p><a href=\"https:\/\/emag.baerenreiter.com\/en\/scartazzini-andrea-lorenzo\/\">Scartazzini, Andrea Lorenzo<\/a><\/p>\n<p><a href=\"https:\/\/emag.baerenreiter.com\/en\/schlee-thomas-daniel\/\">Schlee, Thomas Daniel<\/a><\/p>\n\r\n\t\t<\/div>\r\n\t<\/div><\/div><\/div><div class=\"grve-column wpb_column grve-bookmark grve-column-1-3  grve-with-bg-transparent\"><div class=\"grve-column-wrapper\"><div class=\"grve-column-content\" ><div class=\"grve-element grve-text\">\r\n\t\t\t<p><a href=\"https:\/\/emag.baerenreiter.com\/en\/seither-charlotte\/\">Seither, Charlotte<\/a><\/p>\n<p><a href=\"https:\/\/emag.baerenreiter.com\/en\/srnka-miroslav\/\">Srnka, Miroslav<\/a><\/p>\n<p><a href=\"https:\/\/emag.baerenreiter.com\/en\/stranz-ulrich\/\">Stranz, Ulrich<\/a><\/p>\n<p><a href=\"https:\/\/emag.baerenreiter.com\/en\/trojahn-manfred\/\">Trojahn, Manfred<\/a><\/p>\n<p><a href=\"https:\/\/emag.baerenreiter.com\/en\/wimberger-gerhard\/\">Wimberger, Gerhard<\/a><\/p>\n<p><a href=\"https:\/\/emag.baerenreiter.com\/en\/winbeck-heinz\/\">Winbeck, Heinz<\/a><\/p>\n<p><a href=\"https:\/\/emag.baerenreiter.com\/en\/zimmermann-bernd-alois\/\">Zimmermann, Bernd Alois<\/a><\/p>\n\r\n\t\t<\/div>\r\n\t<\/div><\/div><\/div><\/div><\/div><\/div>\n"},"excerpt":{"rendered":"<div class=\"grve-section grve-row-section grve-fullwidth-background grve-padding-top-1x grve-padding-bottom-1x grve-with-bg-transparent\" data-header-color=\"default\"><div class=\"grve-container\"><div class=\"grve-row grve-bookmark grve-columns-gap-default grve-mobile-vertical-gap-30\"><div class=\"grve-column wpb_column grve-bookmark grve-column-1  grve-with-bg-transparent\"><div class=\"grve-column-wrapper\"><div class=\"grve-column-content\" ><div class=\"grve-element grve-image grve-align-center\">\r\n\t<div class=\"grve-image-item\">\r\n\t\t\r\n\r\n<div class=\"grve-image-wrapper grve-no-effect\">\r\n\t\t<div class=\"grve-thumbnail-wrapper\"  style=\"width: 1420px;\"><div class=\"grve-thumbnail\"  style=\"padding-top: 22.535%;\"><img loading=\"lazy\" decoding=\"async\" width=\"1420\" height=\"320\" src=\"https:\/\/emag.baerenreiter.com\/wp-content\/uploads\/2025\/08\/ZGM-Banner_eMag.jpg\" class=\"attachment-full size-full\" alt=\"\" srcset=\"https:\/\/emag.baerenreiter.com\/wp-content\/uploads\/2025\/08\/ZGM-Banner_eMag.jpg 1x,https:\/\/emag.baerenreiter.com\/wp-content\/uploads\/2025\/08\/ZGM-Banner_eMag.jpg 2x\" data-column-space=\"auto\" data-lazyload=\"\" data-grve-filter=\"yes\" loading=\"lazy\" \/><\/div><\/div>\t<\/div>\r\n\t<\/div>\r\n<\/div>\r\n<div class=\"grve-empty-space grve-height-1x\"><\/div><h2 class=\"grve-element grve-title grve-align-center grve-h3\"><span>Music of the 20th and 21st Centuries<\/span><\/h2><\/div><\/div><\/div><\/div><\/div><\/div><div class=\"grve-section grve-row-section grve-fullwidth-background grve-padding-top-1x grve-padding-bottom-1x grve-with-bg-transparent\" data-header-color=\"default\"><div class=\"grve-container\"><div class=\"grve-row grve-bookmark grve-columns-gap-default grve-mobile-vertical-gap-30\"><div class=\"grve-column wpb_column grve-bookmark grve-column-1-3  grve-with-bg-transparent\"><div class=\"grve-column-wrapper\"><div class=\"grve-column-content\" ><div class=\"grve-element grve-text\">\r\n\t\t\t<p><a href=\"https:\/\/emag.baerenreiter.com\/en\/ammann-dieter\/\">Ammann, Dieter<\/a><\/p>\n<p><a href=\"https:\/\/emag.baerenreiter.com\/en\/barraque-jean\/\">Barraqu\u00e9, Jean<\/a><\/p>\n<p><a href=\"https:\/\/emag.baerenreiter.com\/en\/bialas-guenter\/\">Bialas, G\u00fcnther<\/a><\/p>\n<p><a href=\"https:\/\/emag.baerenreiter.com\/en\/cekovska-lubica\/\">\u010cekovsk\u00e1, \u013dubica<\/a><\/p>\n<p><a href=\"https:\/\/emag.baerenreiter.com\/en\/distler-hugo\/\">Distler, Hugo<\/a><\/p>\n<p><a href=\"https:\/\/emag.baerenreiter.com\/en\/furrer-beat\/\">Furrer, Beat<\/a><\/p>\n<p><a href=\"https:\/\/emag.baerenreiter.com\/en\/hamel-peter-michael\/\">Hamel, Peter Michael<\/a><\/p>\n<p><a href=\"https:\/\/emag.baerenreiter.com\/en\/huber-nicolaus-a\/\">Huber, Nicolaus A.<\/a><\/p>\n<p><a href=\"https:\/\/emag.baerenreiter.com\/en\/karassikov-vadim\/\">Karassikov, Vadim<\/a><\/p>\n\r\n\t\t<\/div>\r\n\t<\/div><\/div><\/div><div class=\"grve-column wpb_column grve-bookmark grve-column-1-3  grve-with-bg-transparent\"><div class=\"grve-column-wrapper\"><div class=\"grve-column-content\" ><div class=\"grve-element grve-text\">\r\n\t\t\t<p><a href=\"https:\/\/emag.baerenreiter.com\/en\/kelterborn-rudolf\/\">Kelterborn, Rudolf<\/a><\/p>\n<p><a href=\"https:\/\/emag.baerenreiter.com\/en\/klebe-giselher\/\">Klebe, Giselher<\/a><\/p>\n<p><a href=\"https:\/\/emag.baerenreiter.com\/en\/krenek-ernst\/\">Krenek, Ernst<\/a><\/p>\n<p><a href=\"https:\/\/emag.baerenreiter.com\/en\/lopez-jorge-e\/\">L\u00f3pez, Jorge E.<\/a><\/p>\n<p><a href=\"https:\/\/emag.baerenreiter.com\/en\/maintz-philipp\/\">Maintz, Philipp<\/a><\/p>\n<p><a href=\"https:\/\/emag.baerenreiter.com\/en\/de-la-motte-diether\/\">Motte, Diether de la<\/a><\/p>\n<p><a href=\"https:\/\/emag.baerenreiter.com\/en\/pintscher-matthias\/\">Pintscher, Matthias<\/a><\/p>\n<p><a href=\"https:\/\/emag.baerenreiter.com\/en\/scartazzini-andrea-lorenzo\/\">Scartazzini, Andrea Lorenzo<\/a><\/p>\n<p><a href=\"https:\/\/emag.baerenreiter.com\/en\/schlee-thomas-daniel\/\">Schlee, Thomas Daniel<\/a><\/p>\n\r\n\t\t<\/div>\r\n\t<\/div><\/div><\/div><div class=\"grve-column wpb_column grve-bookmark grve-column-1-3  grve-with-bg-transparent\"><div class=\"grve-column-wrapper\"><div class=\"grve-column-content\" ><div class=\"grve-element grve-text\">\r\n\t\t\t<p><a href=\"https:\/\/emag.baerenreiter.com\/en\/seither-charlotte\/\">Seither, Charlotte<\/a><\/p>\n<p><a href=\"https:\/\/emag.baerenreiter.com\/en\/srnka-miroslav\/\">Srnka, Miroslav<\/a><\/p>\n<p><a href=\"https:\/\/emag.baerenreiter.com\/en\/stranz-ulrich\/\">Stranz, Ulrich<\/a><\/p>\n<p><a href=\"https:\/\/emag.baerenreiter.com\/en\/trojahn-manfred\/\">Trojahn, Manfred<\/a><\/p>\n<p><a href=\"https:\/\/emag.baerenreiter.com\/en\/wimberger-gerhard\/\">Wimberger, Gerhard<\/a><\/p>\n<p><a href=\"https:\/\/emag.baerenreiter.com\/en\/winbeck-heinz\/\">Winbeck, Heinz<\/a><\/p>\n<p><a href=\"https:\/\/emag.baerenreiter.com\/en\/zimmermann-bernd-alois\/\">Zimmermann, Bernd Alois<\/a><\/p>\n\r\n\t\t<\/div>\r\n\t<\/div><\/div><\/div><\/div><\/div><\/div>\n"},"author":5,"featured_media":0,"parent":0,"menu_order":70,"comment_status":"closed","ping_status":"closed","template":"","meta":{"_acf_changed":false,"_vp_format_video_url":"","_vp_image_focal_point":[],"_vp_custom_popup_image":0,"_vp_format_audio_url":"","_vp_album_images":[],"_vp_custom_thumbnail":0,"_vp_custom_thumbnail_focal_point":[],"_vp_custom_thumbnail_cover":0,"_vp_hover_thumbnail":0,"_vp_hover_thumbnail_focal_point":[],"footnotes":""},"class_list":["post-17776","page","type-page","status-publish","hentry","grve-entry-item"],"acf":[],"wpml_current_locale":"en_US","wpml_translations":{"de_DE":{"locale":"de_DE","id":17767,"slug":"musik-des-20-und-21-jahrhunderts","post_title":"Musik des 20. und 21. Jahrhunderts","href":"https:\/\/emag.baerenreiter.com\/musik-des-20-und-21-jahrhunderts\/"}},"_links":{"self":[{"href":"https:\/\/emag.baerenreiter.com\/en\/wp-json\/wp\/v2\/pages\/17776","targetHints":{"allow":["GET"]}}],"collection":[{"href":"https:\/\/emag.baerenreiter.com\/en\/wp-json\/wp\/v2\/pages"}],"about":[{"href":"https:\/\/emag.baerenreiter.com\/en\/wp-json\/wp\/v2\/types\/page"}],"author":[{"embeddable":true,"href":"https:\/\/emag.baerenreiter.com\/en\/wp-json\/wp\/v2\/users\/5"}],"replies":[{"embeddable":true,"href":"https:\/\/emag.baerenreiter.com\/en\/wp-json\/wp\/v2\/comments?post=17776"}],"version-history":[{"count":6,"href":"https:\/\/emag.baerenreiter.com\/en\/wp-json\/wp\/v2\/pages\/17776\/revisions"}],"predecessor-version":[{"id":17785,"href":"https:\/\/emag.baerenreiter.com\/en\/wp-json\/wp\/v2\/pages\/17776\/revisions\/17785"}],"wp:attachment":[{"href":"https:\/\/emag.baerenreiter.com\/en\/wp-json\/wp\/v2\/media?parent=17776"}],"curies":[{"name":"wp","href":"https:\/\/api.w.org\/{rel}","templated":true}]}}