{"id":17273,"date":"2025-08-15T09:36:00","date_gmt":"2025-08-15T07:36:00","guid":{"rendered":"https:\/\/emag.baerenreiter.com\/complete-editions-2\/"},"modified":"2026-02-20T15:11:12","modified_gmt":"2026-02-20T14:11:12","slug":"complete-editions-2","status":"publish","type":"page","link":"https:\/\/emag.baerenreiter.com\/en\/complete-editions-2\/","title":{"rendered":"Complete Editions"},"content":{"rendered":"<div class=\"grve-section grve-row-section grve-fullwidth-background grve-padding-top-1x grve-padding-bottom-1x grve-with-bg-transparent\" data-header-color=\"default\"><div class=\"grve-container\"><div class=\"grve-row grve-bookmark grve-columns-gap-default grve-mobile-vertical-gap-30\"><div class=\"grve-column wpb_column grve-bookmark grve-column-1  grve-with-bg-transparent\"><div class=\"grve-column-wrapper\"><div class=\"grve-column-content\" ><div class=\"grve-element grve-image grve-align-center\">\r\n\t<div class=\"grve-image-item\">\r\n\t\t\r\n\r\n<div class=\"grve-image-wrapper grve-no-effect\">\r\n\t\t<div class=\"grve-thumbnail-wrapper\"  style=\"width: 1420px;\"><div class=\"grve-thumbnail\"  style=\"padding-top: 22.535%;\"><img loading=\"lazy\" decoding=\"async\" width=\"1420\" height=\"320\" src=\"https:\/\/emag.baerenreiter.com\/wp-content\/uploads\/2025\/08\/Gesamtausgaben-Banner_eMag.jpg\" class=\"attachment-full size-full\" alt=\"\" srcset=\"https:\/\/emag.baerenreiter.com\/wp-content\/uploads\/2025\/08\/Gesamtausgaben-Banner_eMag.jpg 1x,https:\/\/emag.baerenreiter.com\/wp-content\/uploads\/2025\/08\/Gesamtausgaben-Banner_eMag.jpg 2x\" data-column-space=\"auto\" data-lazyload=\"\" data-grve-filter=\"yes\" loading=\"lazy\" \/><\/div><\/div>\t<\/div>\r\n\t<\/div>\r\n<\/div>\r\n<div class=\"grve-empty-space grve-height-1x\"><\/div><h2 class=\"grve-element grve-title grve-align-center grve-h3\"><span>Complete Editions<\/span><\/h2><\/div><\/div><\/div><\/div><\/div><\/div><div class=\"grve-section grve-row-section grve-fullwidth-background grve-padding-top-1x grve-padding-bottom-1x grve-with-bg-transparent\" data-header-color=\"default\"><div class=\"grve-container\"><div class=\"grve-row grve-bookmark grve-columns-gap-default grve-mobile-vertical-gap-30\"><div class=\"grve-column wpb_column grve-bookmark grve-column-1-4  grve-with-bg-transparent\"><div class=\"grve-column-wrapper\"><div class=\"grve-column-content\" ><div class=\"grve-element grve-text\">\r\n\t\t\t<p><a href=\"https:\/\/emag.baerenreiter.com\/en\/bach-johann-sebastian\/\">Bach, Johann Sebastian<\/a><\/p>\n<p><a href=\"https:\/\/emag.baerenreiter.com\/en\/berlioz-hector\/\">Berlioz, Hector<\/a><\/p>\n<p><a href=\"https:\/\/emag.baerenreiter.com\/en\/berwald-franz\/\">Berwald, Franz<\/a><\/p>\n<p><a href=\"https:\/\/emag.baerenreiter.com\/en\/cavalli-francesco\/\">Cavalli, Francesco<\/a><\/p>\n<p><a href=\"https:\/\/emag.baerenreiter.com\/en\/concentus-musicus\/\">Concentus Musicus<\/a><\/p>\n<p><a href=\"https:\/\/emag.baerenreiter.com\/en\/das-deutsche-kirchenlied\/\">Das deutsche Kirchenlied<\/a><\/p>\n<p><a href=\"https:\/\/emag.baerenreiter.com\/en\/das-erbe-deutscher-musik\/\">Das Erbe deutscher Musik<\/a><\/p>\n<p><a href=\"https:\/\/emag.baerenreiter.com\/en\/faure-gabriel\/\">Faur\u00e9, Gabriel<\/a><\/p>\n\r\n\t\t<\/div>\r\n\t<\/div><\/div><\/div><div class=\"grve-column wpb_column grve-bookmark grve-column-1-4  grve-with-bg-transparent\"><div class=\"grve-column-wrapper\"><div class=\"grve-column-content\" ><div class=\"grve-element grve-text\">\r\n\t\t\t<p><a href=\"https:\/\/emag.baerenreiter.com\/en\/gade-niels-wilhelm\/\">Gade, Niels Wilhelm<\/a><\/p>\n<p><a href=\"https:\/\/emag.baerenreiter.com\/en\/gesualdo-carlo\/\">Gesualdo, Carlo<\/a><\/p>\n<p><a href=\"https:\/\/emag.baerenreiter.com\/en\/gluck-christoph-willibald\/\">Gluck, Christoph Willibald<\/a><\/p>\n<p><a href=\"https:\/\/emag.baerenreiter.com\/en\/haendel-georg-friedrich\/\">H\u00e4ndel, Georg Friedrich<\/a><\/p>\n<p><a href=\"https:\/\/emag.baerenreiter.com\/en\/janacek-leos\/\">Jan\u00e1\u010dek, Leo\u0161<\/a><\/p>\n<p><a href=\"https:\/\/emag.baerenreiter.com\/en\/lasso-orlando-di\/\">Lasso, Orlando di<\/a><\/p>\n<p><a href=\"https:\/\/emag.baerenreiter.com\/en\/lechner-leonhard\/\">Lechner, Leonhard<\/a><\/p>\n<p><a href=\"https:\/\/emag.baerenreiter.com\/en\/martinu-bohuslav\/\">Martin\u016f, Bohuslav<\/a><\/p>\n\r\n\t\t<\/div>\r\n\t<\/div><\/div><\/div><div class=\"grve-column wpb_column grve-bookmark grve-column-1-4  grve-with-bg-transparent\"><div class=\"grve-column-wrapper\"><div class=\"grve-column-content\" ><div class=\"grve-element grve-text\">\r\n\t\t\t<p><a href=\"https:\/\/emag.baerenreiter.com\/en\/masterpieces-of-italian-opera\/\">Masterpieces of Italian Opera<\/a><\/p>\n<p><a href=\"https:\/\/emag.baerenreiter.com\/en\/mendelssohn-bartholdy-felix\/\">Mendelssohn-Briefausgabe<\/a><\/p>\n<p><a href=\"https:\/\/emag.baerenreiter.com\/en\/monumenta-monodica-medii-aevi\/\">Monumenta Monodica Medii Aevi<\/a><\/p>\n<p><a href=\"https:\/\/emag.baerenreiter.com\/en\/mozart-wolfgang-amadeus\/\">Mozart, Wolfgang Amadeus<\/a><\/p>\n<p><a href=\"https:\/\/emag.baerenreiter.com\/en\/opera\/\">OPERA<\/a><\/p>\n<p><a href=\"https:\/\/emag.baerenreiter.com\/en\/lopera-francais\/\">L&#8217;op\u00e9ra fran\u00e7ais<\/a><\/p>\n<p><a href=\"https:\/\/emag.baerenreiter.com\/en\/pachelbel-johann\/\">Pachelbel, Johann<\/a><\/p>\n<p><a href=\"https:\/\/emag.baerenreiter.com\/en\/rameau-jean-philippe\/\">Rameau, Jean-Philippe<\/a><\/p>\n\r\n\t\t<\/div>\r\n\t<\/div><\/div><\/div><div class=\"grve-column wpb_column grve-bookmark grve-column-1-4  grve-with-bg-transparent\"><div class=\"grve-column-wrapper\"><div class=\"grve-column-content\" ><div class=\"grve-element grve-text\">\r\n\t\t\t<p><a href=\"https:\/\/emag.baerenreiter.com\/en\/rhau-georg\/\">Rhau, Georg<\/a><\/p>\n<p><a href=\"https:\/\/emag.baerenreiter.com\/en\/rossini-gioachino\/\">Rossini, Gioacchino<\/a><\/p>\n<p><a href=\"https:\/\/emag.baerenreiter.com\/en\/saint-saens-camille\/\">Saint-Sa\u00ebns, Camille<\/a><\/p>\n<p><a href=\"https:\/\/emag.baerenreiter.com\/en\/schein-johann-hermann\/\">Schein, Johann Hermann<\/a><\/p>\n<p><a href=\"https:\/\/emag.baerenreiter.com\/en\/schubert-franz\/\">Schubert, Franz<\/a><\/p>\n<p><a href=\"https:\/\/emag.baerenreiter.com\/en\/schuetz-heinrich\/\">Sch\u00fctz, Heinrich<\/a><\/p>\n<p><a href=\"https:\/\/emag.baerenreiter.com\/en\/tartini-giuseppe\/\">Tartini, Giuseppe<\/a><\/p>\n<p><a href=\"https:\/\/emag.baerenreiter.com\/en\/telemann-georg-philipp\/\">Telemann, Georg Philipp<\/a><\/p>\n\r\n\t\t<\/div>\r\n\t<\/div><\/div><\/div><\/div><\/div><\/div>\n"},"excerpt":{"rendered":"<div class=\"grve-section grve-row-section grve-fullwidth-background grve-padding-top-1x grve-padding-bottom-1x grve-with-bg-transparent\" data-header-color=\"default\"><div class=\"grve-container\"><div class=\"grve-row grve-bookmark grve-columns-gap-default grve-mobile-vertical-gap-30\"><div class=\"grve-column wpb_column grve-bookmark grve-column-1  grve-with-bg-transparent\"><div class=\"grve-column-wrapper\"><div class=\"grve-column-content\" ><div class=\"grve-element grve-image grve-align-center\">\r\n\t<div class=\"grve-image-item\">\r\n\t\t\r\n\r\n<div class=\"grve-image-wrapper grve-no-effect\">\r\n\t\t<div class=\"grve-thumbnail-wrapper\"  style=\"width: 1420px;\"><div class=\"grve-thumbnail\"  style=\"padding-top: 22.535%;\"><img loading=\"lazy\" decoding=\"async\" width=\"1420\" height=\"320\" src=\"https:\/\/emag.baerenreiter.com\/wp-content\/uploads\/2025\/08\/Gesamtausgaben-Banner_eMag.jpg\" class=\"attachment-full size-full\" alt=\"\" srcset=\"https:\/\/emag.baerenreiter.com\/wp-content\/uploads\/2025\/08\/Gesamtausgaben-Banner_eMag.jpg 1x,https:\/\/emag.baerenreiter.com\/wp-content\/uploads\/2025\/08\/Gesamtausgaben-Banner_eMag.jpg 2x\" data-column-space=\"auto\" data-lazyload=\"\" data-grve-filter=\"yes\" loading=\"lazy\" \/><\/div><\/div>\t<\/div>\r\n\t<\/div>\r\n<\/div>\r\n<div class=\"grve-empty-space grve-height-1x\"><\/div><h2 class=\"grve-element grve-title grve-align-center grve-h3\"><span>Complete Editions<\/span><\/h2><\/div><\/div><\/div><\/div><\/div><\/div><div class=\"grve-section grve-row-section grve-fullwidth-background grve-padding-top-1x grve-padding-bottom-1x grve-with-bg-transparent\" data-header-color=\"default\"><div class=\"grve-container\"><div class=\"grve-row grve-bookmark grve-columns-gap-default grve-mobile-vertical-gap-30\"><div class=\"grve-column wpb_column grve-bookmark grve-column-1-4  grve-with-bg-transparent\"><div class=\"grve-column-wrapper\"><div class=\"grve-column-content\" ><div class=\"grve-element grve-text\">\r\n\t\t\t<p><a href=\"https:\/\/emag.baerenreiter.com\/en\/bach-johann-sebastian\/\">Bach, Johann Sebastian<\/a><\/p>\n<p><a href=\"https:\/\/emag.baerenreiter.com\/en\/berlioz-hector\/\">Berlioz, Hector<\/a><\/p>\n<p><a href=\"https:\/\/emag.baerenreiter.com\/en\/berwald-franz\/\">Berwald, Franz<\/a><\/p>\n<p><a href=\"https:\/\/emag.baerenreiter.com\/en\/cavalli-francesco\/\">Cavalli, Francesco<\/a><\/p>\n<p><a href=\"https:\/\/emag.baerenreiter.com\/en\/concentus-musicus\/\">Concentus Musicus<\/a><\/p>\n<p><a href=\"https:\/\/emag.baerenreiter.com\/en\/das-deutsche-kirchenlied\/\">Das deutsche Kirchenlied<\/a><\/p>\n<p><a href=\"https:\/\/emag.baerenreiter.com\/en\/das-erbe-deutscher-musik\/\">Das Erbe deutscher Musik<\/a><\/p>\n<p><a href=\"https:\/\/emag.baerenreiter.com\/en\/faure-gabriel\/\">Faur\u00e9, Gabriel<\/a><\/p>\n\r\n\t\t<\/div>\r\n\t<\/div><\/div><\/div><div class=\"grve-column wpb_column grve-bookmark grve-column-1-4  grve-with-bg-transparent\"><div class=\"grve-column-wrapper\"><div class=\"grve-column-content\" ><div class=\"grve-element grve-text\">\r\n\t\t\t<p><a href=\"https:\/\/emag.baerenreiter.com\/en\/gade-niels-wilhelm\/\">Gade, Niels Wilhelm<\/a><\/p>\n<p><a href=\"https:\/\/emag.baerenreiter.com\/en\/gesualdo-carlo\/\">Gesualdo, Carlo<\/a><\/p>\n<p><a href=\"https:\/\/emag.baerenreiter.com\/en\/gluck-christoph-willibald\/\">Gluck, Christoph Willibald<\/a><\/p>\n<p><a href=\"https:\/\/emag.baerenreiter.com\/en\/haendel-georg-friedrich\/\">H\u00e4ndel, Georg Friedrich<\/a><\/p>\n<p><a href=\"https:\/\/emag.baerenreiter.com\/en\/janacek-leos\/\">Jan\u00e1\u010dek, Leo\u0161<\/a><\/p>\n<p><a href=\"https:\/\/emag.baerenreiter.com\/en\/lasso-orlando-di\/\">Lasso, Orlando di<\/a><\/p>\n<p><a href=\"https:\/\/emag.baerenreiter.com\/en\/lechner-leonhard\/\">Lechner, Leonhard<\/a><\/p>\n<p><a href=\"https:\/\/emag.baerenreiter.com\/en\/martinu-bohuslav\/\">Martin\u016f, Bohuslav<\/a><\/p>\n\r\n\t\t<\/div>\r\n\t<\/div><\/div><\/div><div class=\"grve-column wpb_column grve-bookmark grve-column-1-4  grve-with-bg-transparent\"><div class=\"grve-column-wrapper\"><div class=\"grve-column-content\" ><div class=\"grve-element grve-text\">\r\n\t\t\t<p><a href=\"https:\/\/emag.baerenreiter.com\/en\/masterpieces-of-italian-opera\/\">Masterpieces of Italian Opera<\/a><\/p>\n<p><a href=\"https:\/\/emag.baerenreiter.com\/en\/mendelssohn-bartholdy-felix\/\">Mendelssohn-Briefausgabe<\/a><\/p>\n<p><a href=\"https:\/\/emag.baerenreiter.com\/en\/monumenta-monodica-medii-aevi\/\">Monumenta Monodica Medii Aevi<\/a><\/p>\n<p><a href=\"https:\/\/emag.baerenreiter.com\/en\/mozart-wolfgang-amadeus\/\">Mozart, Wolfgang Amadeus<\/a><\/p>\n<p><a href=\"https:\/\/emag.baerenreiter.com\/en\/opera\/\">OPERA<\/a><\/p>\n<p><a href=\"https:\/\/emag.baerenreiter.com\/en\/lopera-francais\/\">L&#8217;op\u00e9ra fran\u00e7ais<\/a><\/p>\n<p><a href=\"https:\/\/emag.baerenreiter.com\/en\/pachelbel-johann\/\">Pachelbel, Johann<\/a><\/p>\n<p><a href=\"https:\/\/emag.baerenreiter.com\/en\/rameau-jean-philippe\/\">Rameau, Jean-Philippe<\/a><\/p>\n\r\n\t\t<\/div>\r\n\t<\/div><\/div><\/div><div class=\"grve-column wpb_column grve-bookmark grve-column-1-4  grve-with-bg-transparent\"><div class=\"grve-column-wrapper\"><div class=\"grve-column-content\" ><div class=\"grve-element grve-text\">\r\n\t\t\t<p><a href=\"https:\/\/emag.baerenreiter.com\/en\/rhau-georg\/\">Rhau, Georg<\/a><\/p>\n<p><a href=\"https:\/\/emag.baerenreiter.com\/en\/rossini-gioachino\/\">Rossini, Gioacchino<\/a><\/p>\n<p><a href=\"https:\/\/emag.baerenreiter.com\/en\/saint-saens-camille\/\">Saint-Sa\u00ebns, Camille<\/a><\/p>\n<p><a href=\"https:\/\/emag.baerenreiter.com\/en\/schein-johann-hermann\/\">Schein, Johann Hermann<\/a><\/p>\n<p><a href=\"https:\/\/emag.baerenreiter.com\/en\/schubert-franz\/\">Schubert, Franz<\/a><\/p>\n<p><a href=\"https:\/\/emag.baerenreiter.com\/en\/schuetz-heinrich\/\">Sch\u00fctz, Heinrich<\/a><\/p>\n<p><a href=\"https:\/\/emag.baerenreiter.com\/en\/tartini-giuseppe\/\">Tartini, Giuseppe<\/a><\/p>\n<p><a href=\"https:\/\/emag.baerenreiter.com\/en\/telemann-georg-philipp\/\">Telemann, Georg Philipp<\/a><\/p>\n\r\n\t\t<\/div>\r\n\t<\/div><\/div><\/div><\/div><\/div><\/div>\n"},"author":5,"featured_media":0,"parent":0,"menu_order":70,"comment_status":"closed","ping_status":"closed","template":"","meta":{"_acf_changed":false,"_vp_format_video_url":"","_vp_image_focal_point":[],"_vp_custom_popup_image":0,"_vp_format_audio_url":"","_vp_album_images":[],"_vp_custom_thumbnail":0,"_vp_custom_thumbnail_focal_point":[],"_vp_custom_thumbnail_cover":0,"_vp_hover_thumbnail":0,"_vp_hover_thumbnail_focal_point":[],"footnotes":""},"class_list":["post-17273","page","type-page","status-publish","hentry","grve-entry-item"],"acf":[],"wpml_current_locale":"en_US","wpml_translations":{"de_DE":{"locale":"de_DE","id":17252,"slug":"gesamt-und-werkausgaben","post_title":"Gesamt- und Werkausgaben","href":"https:\/\/emag.baerenreiter.com\/gesamt-und-werkausgaben\/"}},"_links":{"self":[{"href":"https:\/\/emag.baerenreiter.com\/en\/wp-json\/wp\/v2\/pages\/17273","targetHints":{"allow":["GET"]}}],"collection":[{"href":"https:\/\/emag.baerenreiter.com\/en\/wp-json\/wp\/v2\/pages"}],"about":[{"href":"https:\/\/emag.baerenreiter.com\/en\/wp-json\/wp\/v2\/types\/page"}],"author":[{"embeddable":true,"href":"https:\/\/emag.baerenreiter.com\/en\/wp-json\/wp\/v2\/users\/5"}],"replies":[{"embeddable":true,"href":"https:\/\/emag.baerenreiter.com\/en\/wp-json\/wp\/v2\/comments?post=17273"}],"version-history":[{"count":14,"href":"https:\/\/emag.baerenreiter.com\/en\/wp-json\/wp\/v2\/pages\/17273\/revisions"}],"predecessor-version":[{"id":18670,"href":"https:\/\/emag.baerenreiter.com\/en\/wp-json\/wp\/v2\/pages\/17273\/revisions\/18670"}],"wp:attachment":[{"href":"https:\/\/emag.baerenreiter.com\/en\/wp-json\/wp\/v2\/media?parent=17273"}],"curies":[{"name":"wp","href":"https:\/\/api.w.org\/{rel}","templated":true}]}}