{"id":13687,"date":"2024-08-27T07:08:43","date_gmt":"2024-08-27T05:08:43","guid":{"rendered":"https:\/\/emag.baerenreiter.com\/new-publications-sheet-music\/"},"modified":"2026-04-23T11:34:05","modified_gmt":"2026-04-23T09:34:05","slug":"new-publications-sheet-music","status":"publish","type":"page","link":"https:\/\/emag.baerenreiter.com\/en\/new-publications-sheet-music\/","title":{"rendered":"New Publications Sheet Music"},"content":{"rendered":"<div class=\"grve-section grve-row-section grve-fullwidth-background grve-padding-top-1x grve-padding-bottom-1x grve-with-bg-transparent\" data-header-color=\"default\"><div class=\"grve-container\"><div class=\"grve-row grve-bookmark grve-columns-gap-default grve-mobile-vertical-gap-30\"><div class=\"grve-column wpb_column grve-bookmark grve-column-1  grve-with-bg-transparent\"><div class=\"grve-column-wrapper\"><div class=\"grve-column-content\" ><h2 class=\"grve-element grve-title grve-align-center grve-h3\"><span>New Publications Sheet Music<\/span><\/h2><div class=\"grve-element grve-divider brv-custom-divider\"><div class=\"grve-line-divider grve-border\"><\/div><\/div><\/div><\/div><\/div><\/div><\/div><\/div><div class=\"grve-section grve-row-section grve-fullwidth-background grve-padding-top-1x grve-padding-bottom-1x grve-with-bg-transparent\" data-header-color=\"default\"><div class=\"grve-container\"><div class=\"grve-row grve-bookmark grve-columns-gap-default grve-mobile-vertical-gap-30\"><div class=\"grve-column wpb_column grve-bookmark grve-column-1-4  grve-with-bg-transparent grve-empty-column\"><div class=\"grve-column-wrapper\"><div class=\"grve-column-content\" ><\/div><\/div><\/div><div class=\"grve-column wpb_column grve-bookmark grve-column-1-2  grve-with-bg-transparent\"><div class=\"grve-column-wrapper\"><div class=\"grve-column-content\" ><div class=\"grve-element grve-text\">\r\n\t\t\t<h5 class=\"csc-firstHeader\">Captivating Piano Sonata<\/h5>\n<div class=\"app-holder\"><bv-product-display product-id=\"BA10888\" template=\"press\" lang=\"en\"><\/bv-product-display><\/div>\n<hr \/>\n<h5 class=\"csc-firstHeader\">Piano Marches for two Countesses<\/h5>\n<div class=\"app-holder\"><bv-product-display product-id=\"BA10887\" template=\"press\" lang=\"en\"><\/bv-product-display><\/div>\n<hr \/>\n<h5 class=\"csc-firstHeader\">Telemann for Viola<\/h5>\n<div class=\"app-holder\"><bv-product-display product-id=\"BA10885\" template=\"press\" lang=\"en\"><\/bv-product-display><\/div>\n<hr \/>\n<h5 class=\"csc-firstHeader\">Bruckner for Organ<\/h5>\n<div class=\"app-holder\"><bv-product-display product-id=\"BA11266\" template=\"press\" lang=\"en\"><\/bv-product-display><\/div>\n<hr \/>\n<h5>Dvo\u0159\u00e1k\u2018s Songs now complete<\/h5>\n<h5><div class=\"app-holder\"><bv-product-display product-id=\"BA11515\" template=\"press\" lang=\"en\"><\/bv-product-display><\/div><\/h5>\n<p>&nbsp;<\/p>\n<hr \/>\n<h5>Couperins \u201ePi\u00e8ces de clavecin\u201c &#8211; Abschluss der Urtext-Edition<\/h5>\n<h5><div class=\"app-holder\"><bv-product-display product-id=\"BA10847\" template=\"press\" lang=\"en\"><\/bv-product-display><\/div><\/h5>\n<hr \/>\n<h5>Schubert\u2019s Lieder<\/h5>\n<p>&nbsp;<\/p>\n<h5><div class=\"app-holder\"><bv-product-display product-id=\"BA09131\" template=\"press\" lang=\"en\"><\/bv-product-display><\/div><\/h5>\n<p>&nbsp;<\/p>\n<hr \/>\n<h5>Schubert\u2019s Lieder<\/h5>\n<h5><div class=\"app-holder\"><bv-product-display product-id=\"BA09151\" template=\"press\" lang=\"en\"><\/bv-product-display><\/div><\/h5>\n<p>&nbsp;<\/p>\n<hr \/>\n<h5>Schubert\u2019s Lieder<\/h5>\n<p>&nbsp;<\/p>\n<h5><div class=\"app-holder\"><bv-product-display product-id=\"BA09111\" template=\"press\" lang=\"en\"><\/bv-product-display><\/div><\/h5>\n<p>&nbsp;<\/p>\n<hr \/>\n<h5>H\u00e4ndel\u2019s music for the Foundling Hospital<\/h5>\n<p>&nbsp;<\/p>\n<h5><div class=\"app-holder\"><bv-product-display product-id=\"BA10267\" template=\"press\" lang=\"en\"><\/bv-product-display><\/div><\/h5>\n<p>&nbsp;<\/p>\n<hr \/>\n<p>&nbsp;<\/p>\n<h5><\/h5>\n<p>&nbsp;<\/p>\n<h5>H\u00e4ndel\u2019s \u201cAnthem on the Peace\u201d<\/h5>\n<p>&nbsp;<\/p>\n<h5><div class=\"app-holder\"><bv-product-display product-id=\"BA10266\" template=\"press\" lang=\"en\"><\/bv-product-display><\/div><\/h5>\n<p>&nbsp;<\/p>\n<hr \/>\n<p>&nbsp;<\/p>\n<h5><\/h5>\n<p>&nbsp;<\/p>\n<h5>Jan\u00e1\u010dek\u2019s Violin Sonata for Violoncello<\/h5>\n<p>&nbsp;<\/p>\n<h5><div class=\"app-holder\"><bv-product-display product-id=\"BA11595\" template=\"press\" lang=\"en\"><\/bv-product-display><\/div><\/h5>\n<p>&nbsp;<\/p>\n<hr \/>\n<p>&nbsp;<\/p>\n<h5><\/h5>\n<p>&nbsp;<\/p>\n<h5>Variations for Cello by Otakar \u0160evc\u00edk<\/h5>\n<p>&nbsp;<\/p>\n<h5><div class=\"app-holder\"><bv-product-display product-id=\"BA11570\" template=\"press\" lang=\"en\"><\/bv-product-display><\/div><\/h5>\n<p>&nbsp;<\/p>\n<hr \/>\n<p>&nbsp;<\/p>\n<h5><\/h5>\n<p>&nbsp;<\/p>\n<h5>Musikalische Umarmung<\/h5>\n<p>&nbsp;<\/p>\n<h5><div class=\"app-holder\"><bv-product-display product-id=\"BE00695\" template=\"press\" lang=\"en\"><\/bv-product-display><\/div><\/h5>\n<p>&nbsp;<\/p>\n<hr \/>\n<p>&nbsp;<\/p>\n<h5><\/h5>\n<p>&nbsp;<\/p>\n<h5>&#8220;&#8230; dass Du das Gr\u00f6\u00dfte f\u00fcr mich bist &#8230;&#8221;<\/h5>\n<p>&nbsp;<\/p>\n<h5><div class=\"app-holder\"><bv-product-display product-id=\"BE00682\" template=\"press\" lang=\"en\"><\/bv-product-display><\/div><\/h5>\n<p>&nbsp;<\/p>\n<hr \/>\n<p>&nbsp;<\/p>\n<h5><\/h5>\n<p>&nbsp;<\/p>\n<h5>Tenor-Arien aus Glucks Opern<\/h5>\n<p>&nbsp;<\/p>\n<h5><div class=\"app-holder\"><bv-product-display product-id=\"BA08168\" template=\"press\" lang=\"en\"><\/bv-product-display><\/div><\/h5>\n<p>&nbsp;<\/p>\n<hr \/>\n<p>&nbsp;<\/p>\n<h5><\/h5>\n<p>&nbsp;<\/p>\n<h5>Indispensable collection of etudes<\/h5>\n<p>&nbsp;<\/p>\n<h5><div class=\"app-holder\"><bv-product-display product-id=\"BA10791\" template=\"press\" lang=\"en\"><\/bv-product-display><\/div><\/h5>\n<p>&nbsp;<\/p>\n<hr \/>\n<p>&nbsp;<\/p>\n<h5><\/h5>\n<p>&nbsp;<\/p>\n<h5>BWV 1001\u20131006 for Viola<\/h5>\n<p>&nbsp;<\/p>\n<h5><div class=\"app-holder\"><bv-product-display product-id=\"BA05276\" template=\"press\" lang=\"en\"><\/bv-product-display><\/div><\/h5>\n<p>&nbsp;<\/p>\n<hr \/>\n<p>&nbsp;<\/p>\n<h5><\/h5>\n<p>&nbsp;<\/p>\n<h5>Symphony with operatic character<\/h5>\n<p>&nbsp;<\/p>\n<h5><div class=\"app-holder\"><bv-product-display product-id=\"BA10995\" template=\"press\" lang=\"en\"><\/bv-product-display><\/div><\/h5>\n<p>&nbsp;<\/p>\n<hr \/>\n<p>&nbsp;<\/p>\n<h5><\/h5>\n<p>&nbsp;<\/p>\n<h5>Improvisation with Joy<\/h5>\n<p>&nbsp;<\/p>\n<h5><div class=\"app-holder\"><bv-product-display product-id=\"BA11240\" template=\"press\" lang=\"en\"><\/bv-product-display><\/div><\/h5>\n<p>&nbsp;<\/p>\n<hr \/>\n<p>&nbsp;<\/p>\n<h5><\/h5>\n<p>&nbsp;<\/p>\n<h5>Josef Myslive\u010dek&#8217;s Cello Concerto<\/h5>\n<p>&nbsp;<\/p>\n<h5><div class=\"app-holder\"><bv-product-display product-id=\"BA11572\" template=\"press\" lang=\"en\"><\/bv-product-display><\/div><\/h5>\n<p>&nbsp;<\/p>\n<hr \/>\n<p>&nbsp;<\/p>\n<h5><\/h5>\n<p>&nbsp;<\/p>\n<h5>Now also with fingering<\/h5>\n<p>&nbsp;<\/p>\n<h5><div class=\"app-holder\"><bv-product-display product-id=\"BA11871\" template=\"press\" lang=\"en\"><\/bv-product-display><\/div><\/h5>\n<p>&nbsp;<\/p>\n<hr \/>\n<p>&nbsp;<\/p>\n<h5><\/h5>\n<p>&nbsp;<\/p>\n<h5 class=\"csc-firstHeader\">Dvo\u0159\u00e1k\u2019s \u201eRusalka\u201c: Study Score<\/h5>\n<p>&nbsp;<\/p>\n<h5><div class=\"app-holder\"><bv-product-display product-id=\"TP00438\" template=\"press\" lang=\"en\"><\/bv-product-display><\/div><\/h5>\n<p>&nbsp;<\/p>\n<hr \/>\n<p>&nbsp;<\/p>\n<h5 class=\"csc-firstHeader\">\u201c\u2026 the greatest and also most accomplished \u2026 \u201d<\/h5>\n<p>&nbsp;<\/p>\n<h5><div class=\"app-holder\"><bv-product-display product-id=\"BA11566\" template=\"press\" lang=\"en\"><\/bv-product-display><\/div><\/h5>\n<p>&nbsp;<\/p>\n<hr \/>\n<p>&nbsp;<\/p>\n<h5 class=\"csc-firstHeader\">Organ Music from Portugal<\/h5>\n<p>&nbsp;<\/p>\n<h5><div class=\"app-holder\"><bv-product-display product-id=\"BA11265\" template=\"press\" lang=\"en\"><\/bv-product-display><\/div><\/h5>\n<p>&nbsp;<\/p>\n<hr \/>\n<p>&nbsp;<\/p>\n<h5 class=\"csc-firstHeader\">Haydn\u2019s \u201cMass in Time of War\u201d<\/h5>\n<p>&nbsp;<\/p>\n<h5><div class=\"app-holder\"><bv-product-display product-id=\"BA11318\" template=\"press\" lang=\"en\"><\/bv-product-display><\/div><\/h5>\n<p>&nbsp;<\/p>\n<hr \/>\n<p>&nbsp;<\/p>\n<h5 class=\"csc-firstHeader\">Suffering and Promise<\/h5>\n<p>&nbsp;<\/p>\n<h5><div class=\"app-holder\"><bv-product-display product-id=\"BA05926\" template=\"press\" lang=\"en\"><\/bv-product-display><\/div><\/h5>\n<p>&nbsp;<\/p>\n<hr \/>\n<p>&nbsp;<\/p>\n<h5 class=\"csc-firstHeader\">Neo-baroque Septet<\/h5>\n<p>&nbsp;<\/p>\n<h5><div class=\"app-holder\"><bv-product-display product-id=\"BA10966\" template=\"press\" lang=\"en\"><\/bv-product-display><\/div><\/h5>\n<p>&nbsp;<\/p>\n<hr \/>\n<p>&nbsp;<\/p>\n<h5 class=\"csc-firstHeader\">Ideal Introduction to the Classical Period<\/h5>\n<div class=\"app-holder\"><bv-product-display product-id=\"BA11568\" template=\"press\" lang=\"en\"><\/bv-product-display><\/div>\n<hr \/>\n<p>&nbsp;<\/p>\n<h5 class=\"csc-firstHeader\">Revised reading of Chopin\u2019s Sonata op. 58<\/h5>\n<div class=\"app-holder\"><bv-product-display product-id=\"BA11828\" template=\"press\" lang=\"en\"><\/bv-product-display><\/div>\n<hr \/>\n<p>&nbsp;<\/p>\n<h5>Symphony for the expanded Esterh\u00e1zy orchestra<\/h5>\n<div class=\"app-holder\"><bv-product-display product-id=\"BA10994\" template=\"press\" lang=\"en\"><\/bv-product-display><\/div>\n\r\n\t\t<\/div>\r\n\t<\/div><\/div><\/div><div class=\"grve-column wpb_column grve-bookmark grve-column-1-4  grve-with-bg-transparent grve-empty-column\"><div class=\"grve-column-wrapper\"><div class=\"grve-column-content\" ><\/div><\/div><\/div><\/div><\/div><\/div>\n"},"excerpt":{"rendered":"<div class=\"grve-section grve-row-section grve-fullwidth-background grve-padding-top-1x grve-padding-bottom-1x grve-with-bg-transparent\" data-header-color=\"default\"><div class=\"grve-container\"><div class=\"grve-row grve-bookmark grve-columns-gap-default grve-mobile-vertical-gap-30\"><div class=\"grve-column wpb_column grve-bookmark grve-column-1  grve-with-bg-transparent\"><div class=\"grve-column-wrapper\"><div class=\"grve-column-content\" ><h2 class=\"grve-element grve-title grve-align-center grve-h3\"><span>New Publications Sheet Music<\/span><\/h2><div class=\"grve-element grve-divider brv-custom-divider\"><div class=\"grve-line-divider grve-border\"><\/div><\/div><\/div><\/div><\/div><\/div><\/div><\/div><div class=\"grve-section grve-row-section grve-fullwidth-background grve-padding-top-1x grve-padding-bottom-1x grve-with-bg-transparent\" data-header-color=\"default\"><div class=\"grve-container\"><div class=\"grve-row grve-bookmark grve-columns-gap-default grve-mobile-vertical-gap-30\"><div class=\"grve-column wpb_column grve-bookmark grve-column-1-4  grve-with-bg-transparent grve-empty-column\"><div class=\"grve-column-wrapper\"><div class=\"grve-column-content\" ><\/div><\/div><\/div><div class=\"grve-column wpb_column grve-bookmark grve-column-1-2  grve-with-bg-transparent\"><div class=\"grve-column-wrapper\"><div class=\"grve-column-content\" ><div class=\"grve-element grve-text\">\r\n\t\t\t<h5 class=\"csc-firstHeader\">Captivating Piano Sonata<\/h5>\n<div class=\"app-holder\"><bv-product-display product-id=\"BA10888\" template=\"press\" lang=\"en\"><\/bv-product-display><\/div>\n<hr \/>\n<h5 class=\"csc-firstHeader\">Piano Marches for two Countesses<\/h5>\n<div class=\"app-holder\"><bv-product-display product-id=\"BA10887\" template=\"press\" lang=\"en\"><\/bv-product-display><\/div>\n<hr \/>\n<h5 class=\"csc-firstHeader\">Telemann for Viola<\/h5>\n<div class=\"app-holder\"><bv-product-display product-id=\"BA10885\" template=\"press\" lang=\"en\"><\/bv-product-display><\/div>\n<hr \/>\n<h5 class=\"csc-firstHeader\">Bruckner for Organ<\/h5>\n<div class=\"app-holder\"><bv-product-display product-id=\"BA11266\" template=\"press\" lang=\"en\"><\/bv-product-display><\/div>\n<hr \/>\n<h5>Dvo\u0159\u00e1k\u2018s Songs now complete<\/h5>\n<h5><div class=\"app-holder\"><bv-product-display product-id=\"BA11515\" template=\"press\" lang=\"en\"><\/bv-product-display><\/div><\/h5>\n<p>&nbsp;<\/p>\n<hr \/>\n<h5>Couperins \u201ePi\u00e8ces de clavecin\u201c &#8211; Abschluss der Urtext-Edition<\/h5>\n<h5><div class=\"app-holder\"><bv-product-display product-id=\"BA10847\" template=\"press\" lang=\"en\"><\/bv-product-display><\/div><\/h5>\n<hr \/>\n<h5>Schubert\u2019s Lieder<\/h5>\n<p>&nbsp;<\/p>\n<h5><div class=\"app-holder\"><bv-product-display product-id=\"BA09131\" template=\"press\" lang=\"en\"><\/bv-product-display><\/div><\/h5>\n<p>&nbsp;<\/p>\n<hr \/>\n<h5>Schubert\u2019s Lieder<\/h5>\n<h5><div class=\"app-holder\"><bv-product-display product-id=\"BA09151\" template=\"press\" lang=\"en\"><\/bv-product-display><\/div><\/h5>\n<p>&nbsp;<\/p>\n<hr \/>\n<h5>Schubert\u2019s Lieder<\/h5>\n<p>&nbsp;<\/p>\n<h5><div class=\"app-holder\"><bv-product-display product-id=\"BA09111\" template=\"press\" lang=\"en\"><\/bv-product-display><\/div><\/h5>\n<p>&nbsp;<\/p>\n<hr \/>\n<h5>H\u00e4ndel\u2019s music for the Foundling Hospital<\/h5>\n<p>&nbsp;<\/p>\n<h5><div class=\"app-holder\"><bv-product-display product-id=\"BA10267\" template=\"press\" lang=\"en\"><\/bv-product-display><\/div><\/h5>\n<p>&nbsp;<\/p>\n<hr \/>\n<p>&nbsp;<\/p>\n<h5><\/h5>\n<p>&nbsp;<\/p>\n<h5>H\u00e4ndel\u2019s \u201cAnthem on the Peace\u201d<\/h5>\n<p>&nbsp;<\/p>\n<h5><div class=\"app-holder\"><bv-product-display product-id=\"BA10266\" template=\"press\" lang=\"en\"><\/bv-product-display><\/div><\/h5>\n<p>&nbsp;<\/p>\n<hr \/>\n<p>&nbsp;<\/p>\n<h5><\/h5>\n<p>&nbsp;<\/p>\n<h5>Jan\u00e1\u010dek\u2019s Violin Sonata for Violoncello<\/h5>\n<p>&nbsp;<\/p>\n<h5><div class=\"app-holder\"><bv-product-display product-id=\"BA11595\" template=\"press\" lang=\"en\"><\/bv-product-display><\/div><\/h5>\n<p>&nbsp;<\/p>\n<hr \/>\n<p>&nbsp;<\/p>\n<h5><\/h5>\n<p>&nbsp;<\/p>\n<h5>Variations for Cello by Otakar \u0160evc\u00edk<\/h5>\n<p>&nbsp;<\/p>\n<h5><div class=\"app-holder\"><bv-product-display product-id=\"BA11570\" template=\"press\" lang=\"en\"><\/bv-product-display><\/div><\/h5>\n<p>&nbsp;<\/p>\n<hr \/>\n<p>&nbsp;<\/p>\n<h5><\/h5>\n<p>&nbsp;<\/p>\n<h5>Musikalische Umarmung<\/h5>\n<p>&nbsp;<\/p>\n<h5><div class=\"app-holder\"><bv-product-display product-id=\"BE00695\" template=\"press\" lang=\"en\"><\/bv-product-display><\/div><\/h5>\n<p>&nbsp;<\/p>\n<hr \/>\n<p>&nbsp;<\/p>\n<h5><\/h5>\n<p>&nbsp;<\/p>\n<h5>&#8220;&#8230; dass Du das Gr\u00f6\u00dfte f\u00fcr mich bist &#8230;&#8221;<\/h5>\n<p>&nbsp;<\/p>\n<h5><div class=\"app-holder\"><bv-product-display product-id=\"BE00682\" template=\"press\" lang=\"en\"><\/bv-product-display><\/div><\/h5>\n<p>&nbsp;<\/p>\n<hr \/>\n<p>&nbsp;<\/p>\n<h5><\/h5>\n<p>&nbsp;<\/p>\n<h5>Tenor-Arien aus Glucks Opern<\/h5>\n<p>&nbsp;<\/p>\n<h5><div class=\"app-holder\"><bv-product-display product-id=\"BA08168\" template=\"press\" lang=\"en\"><\/bv-product-display><\/div><\/h5>\n<p>&nbsp;<\/p>\n<hr \/>\n<p>&nbsp;<\/p>\n<h5><\/h5>\n<p>&nbsp;<\/p>\n<h5>Indispensable collection of etudes<\/h5>\n<p>&nbsp;<\/p>\n<h5><div class=\"app-holder\"><bv-product-display product-id=\"BA10791\" template=\"press\" lang=\"en\"><\/bv-product-display><\/div><\/h5>\n<p>&nbsp;<\/p>\n<hr \/>\n<p>&nbsp;<\/p>\n<h5><\/h5>\n<p>&nbsp;<\/p>\n<h5>BWV 1001\u20131006 for Viola<\/h5>\n<p>&nbsp;<\/p>\n<h5><div class=\"app-holder\"><bv-product-display product-id=\"BA05276\" template=\"press\" lang=\"en\"><\/bv-product-display><\/div><\/h5>\n<p>&nbsp;<\/p>\n<hr \/>\n<p>&nbsp;<\/p>\n<h5><\/h5>\n<p>&nbsp;<\/p>\n<h5>Symphony with operatic character<\/h5>\n<p>&nbsp;<\/p>\n<h5><div class=\"app-holder\"><bv-product-display product-id=\"BA10995\" template=\"press\" lang=\"en\"><\/bv-product-display><\/div><\/h5>\n<p>&nbsp;<\/p>\n<hr \/>\n<p>&nbsp;<\/p>\n<h5><\/h5>\n<p>&nbsp;<\/p>\n<h5>Improvisation with Joy<\/h5>\n<p>&nbsp;<\/p>\n<h5><div class=\"app-holder\"><bv-product-display product-id=\"BA11240\" template=\"press\" lang=\"en\"><\/bv-product-display><\/div><\/h5>\n<p>&nbsp;<\/p>\n<hr \/>\n<p>&nbsp;<\/p>\n<h5><\/h5>\n<p>&nbsp;<\/p>\n<h5>Josef Myslive\u010dek&#8217;s Cello Concerto<\/h5>\n<p>&nbsp;<\/p>\n<h5><div class=\"app-holder\"><bv-product-display product-id=\"BA11572\" template=\"press\" lang=\"en\"><\/bv-product-display><\/div><\/h5>\n<p>&nbsp;<\/p>\n<hr \/>\n<p>&nbsp;<\/p>\n<h5><\/h5>\n<p>&nbsp;<\/p>\n<h5>Now also with fingering<\/h5>\n<p>&nbsp;<\/p>\n<h5><div class=\"app-holder\"><bv-product-display product-id=\"BA11871\" template=\"press\" lang=\"en\"><\/bv-product-display><\/div><\/h5>\n<p>&nbsp;<\/p>\n<hr \/>\n<p>&nbsp;<\/p>\n<h5><\/h5>\n<p>&nbsp;<\/p>\n<h5 class=\"csc-firstHeader\">Dvo\u0159\u00e1k\u2019s \u201eRusalka\u201c: Study Score<\/h5>\n<p>&nbsp;<\/p>\n<h5><div class=\"app-holder\"><bv-product-display product-id=\"TP00438\" template=\"press\" lang=\"en\"><\/bv-product-display><\/div><\/h5>\n<p>&nbsp;<\/p>\n<hr \/>\n<p>&nbsp;<\/p>\n<h5 class=\"csc-firstHeader\">\u201c\u2026 the greatest and also most accomplished \u2026 \u201d<\/h5>\n<p>&nbsp;<\/p>\n<h5><div class=\"app-holder\"><bv-product-display product-id=\"BA11566\" template=\"press\" lang=\"en\"><\/bv-product-display><\/div><\/h5>\n<p>&nbsp;<\/p>\n<hr \/>\n<p>&nbsp;<\/p>\n<h5 class=\"csc-firstHeader\">Organ Music from Portugal<\/h5>\n<p>&nbsp;<\/p>\n<h5><div class=\"app-holder\"><bv-product-display product-id=\"BA11265\" template=\"press\" lang=\"en\"><\/bv-product-display><\/div><\/h5>\n<p>&nbsp;<\/p>\n<hr \/>\n<p>&nbsp;<\/p>\n<h5 class=\"csc-firstHeader\">Haydn\u2019s \u201cMass in Time of War\u201d<\/h5>\n<p>&nbsp;<\/p>\n<h5><div class=\"app-holder\"><bv-product-display product-id=\"BA11318\" template=\"press\" lang=\"en\"><\/bv-product-display><\/div><\/h5>\n<p>&nbsp;<\/p>\n<hr \/>\n<p>&nbsp;<\/p>\n<h5 class=\"csc-firstHeader\">Suffering and Promise<\/h5>\n<p>&nbsp;<\/p>\n<h5><div class=\"app-holder\"><bv-product-display product-id=\"BA05926\" template=\"press\" lang=\"en\"><\/bv-product-display><\/div><\/h5>\n<p>&nbsp;<\/p>\n<hr \/>\n<p>&nbsp;<\/p>\n<h5 class=\"csc-firstHeader\">Neo-baroque Septet<\/h5>\n<p>&nbsp;<\/p>\n<h5><div class=\"app-holder\"><bv-product-display product-id=\"BA10966\" template=\"press\" lang=\"en\"><\/bv-product-display><\/div><\/h5>\n<p>&nbsp;<\/p>\n<hr \/>\n<p>&nbsp;<\/p>\n<h5 class=\"csc-firstHeader\">Ideal Introduction to the Classical Period<\/h5>\n<div class=\"app-holder\"><bv-product-display product-id=\"BA11568\" template=\"press\" lang=\"en\"><\/bv-product-display><\/div>\n<hr \/>\n<p>&nbsp;<\/p>\n<h5 class=\"csc-firstHeader\">Revised reading of Chopin\u2019s Sonata op. 58<\/h5>\n<div class=\"app-holder\"><bv-product-display product-id=\"BA11828\" template=\"press\" lang=\"en\"><\/bv-product-display><\/div>\n<hr \/>\n<p>&nbsp;<\/p>\n<h5>Symphony for the expanded Esterh\u00e1zy orchestra<\/h5>\n<div class=\"app-holder\"><bv-product-display product-id=\"BA10994\" template=\"press\" lang=\"en\"><\/bv-product-display><\/div>\n\r\n\t\t<\/div>\r\n\t<\/div><\/div><\/div><div class=\"grve-column wpb_column grve-bookmark grve-column-1-4  grve-with-bg-transparent grve-empty-column\"><div class=\"grve-column-wrapper\"><div class=\"grve-column-content\" ><\/div><\/div><\/div><\/div><\/div><\/div>\n"},"author":5,"featured_media":0,"parent":0,"menu_order":70,"comment_status":"closed","ping_status":"closed","template":"","meta":{"_acf_changed":false,"_vp_format_video_url":"","_vp_image_focal_point":[],"_vp_custom_popup_image":0,"_vp_format_audio_url":"","_vp_album_images":[],"_vp_custom_thumbnail":0,"_vp_custom_thumbnail_focal_point":[],"_vp_custom_thumbnail_cover":0,"_vp_hover_thumbnail":0,"_vp_hover_thumbnail_focal_point":[],"footnotes":""},"class_list":["post-13687","page","type-page","status-publish","hentry","grve-entry-item"],"acf":[],"wpml_current_locale":"en_US","wpml_translations":{"de_DE":{"locale":"de_DE","id":12642,"slug":"neuerscheinungen-noten","post_title":"Neuerscheinungen Noten","href":"https:\/\/emag.baerenreiter.com\/neuerscheinungen-noten\/"}},"_links":{"self":[{"href":"https:\/\/emag.baerenreiter.com\/en\/wp-json\/wp\/v2\/pages\/13687","targetHints":{"allow":["GET"]}}],"collection":[{"href":"https:\/\/emag.baerenreiter.com\/en\/wp-json\/wp\/v2\/pages"}],"about":[{"href":"https:\/\/emag.baerenreiter.com\/en\/wp-json\/wp\/v2\/types\/page"}],"author":[{"embeddable":true,"href":"https:\/\/emag.baerenreiter.com\/en\/wp-json\/wp\/v2\/users\/5"}],"replies":[{"embeddable":true,"href":"https:\/\/emag.baerenreiter.com\/en\/wp-json\/wp\/v2\/comments?post=13687"}],"version-history":[{"count":26,"href":"https:\/\/emag.baerenreiter.com\/en\/wp-json\/wp\/v2\/pages\/13687\/revisions"}],"predecessor-version":[{"id":18936,"href":"https:\/\/emag.baerenreiter.com\/en\/wp-json\/wp\/v2\/pages\/13687\/revisions\/18936"}],"wp:attachment":[{"href":"https:\/\/emag.baerenreiter.com\/en\/wp-json\/wp\/v2\/media?parent=13687"}],"curies":[{"name":"wp","href":"https:\/\/api.w.org\/{rel}","templated":true}]}}