{"id":13684,"date":"2024-08-27T08:07:44","date_gmt":"2024-08-27T06:07:44","guid":{"rendered":"https:\/\/emag.baerenreiter.com\/new-publications-books-on-music\/"},"modified":"2026-03-18T08:05:57","modified_gmt":"2026-03-18T07:05:57","slug":"new-publications-books-on-music","status":"publish","type":"page","link":"https:\/\/emag.baerenreiter.com\/en\/new-publications-books-on-music\/","title":{"rendered":"New Publications Books on Music"},"content":{"rendered":"<div class=\"grve-section grve-row-section grve-fullwidth-background grve-padding-top-1x grve-padding-bottom-1x grve-with-bg-transparent\" data-header-color=\"default\"><div class=\"grve-container\"><div class=\"grve-row grve-bookmark grve-columns-gap-default grve-mobile-vertical-gap-30\"><div class=\"grve-column wpb_column grve-bookmark grve-column-1  grve-with-bg-transparent\"><div class=\"grve-column-wrapper\"><div class=\"grve-column-content\" ><h2 class=\"grve-element grve-title grve-align-center grve-h3\"><span>New Publications Books on Music<\/span><\/h2><div class=\"grve-element grve-divider brv-custom-divider\"><div class=\"grve-line-divider grve-border\"><\/div><\/div><\/div><\/div><\/div><\/div><\/div><\/div><div class=\"grve-section grve-row-section grve-fullwidth-background grve-padding-top-1x grve-padding-bottom-1x grve-with-bg-transparent\" data-header-color=\"default\"><div class=\"grve-container\"><div class=\"grve-row grve-bookmark grve-columns-gap-default grve-mobile-vertical-gap-30\"><div class=\"grve-column wpb_column grve-bookmark grve-column-1-4  grve-with-bg-transparent grve-empty-column\"><div class=\"grve-column-wrapper\"><div class=\"grve-column-content\" ><\/div><\/div><\/div><div class=\"grve-column wpb_column grve-bookmark grve-column-1-2  grve-with-bg-transparent\"><div class=\"grve-column-wrapper\"><div class=\"grve-column-content\" ><div class=\"grve-element grve-text\">\r\n\t\t\t<h5>Was bleibt?<\/h5>\n<h5><div class=\"app-holder\"><bv-product-display product-id=\"BVK04066\" template=\"press\" lang=\"en\"><\/bv-product-display><\/div><\/h5>\n<hr \/>\n<h5>Zug\u00e4nge zum \u201eRing\u201c<\/h5>\n<h5><div class=\"app-holder\"><bv-product-display product-id=\"BVK04085\" template=\"press\" lang=\"en\"><\/bv-product-display><\/div><\/h5>\n<hr \/>\n<h5>Kompendium Auff\u00fchrungspraxis Orgel<\/h5>\n<h5><div class=\"app-holder\"><bv-product-display product-id=\"BVK02339\" template=\"press\" lang=\"en\"><\/bv-product-display><\/div><\/h5>\n<hr \/>\n<h5>A harrowing document<\/h5>\n<h5><div class=\"app-holder\"><bv-product-display product-id=\"BVK02350\" template=\"press\" lang=\"en\"><\/bv-product-display><\/div><\/h5>\n<hr \/>\n<h5>Siebzig Jahre Popmusik<\/h5>\n<h5><div class=\"app-holder\"><bv-product-display product-id=\"BVK02095\" template=\"press\" lang=\"en\"><\/bv-product-display><\/div><\/h5>\n<hr \/>\n<h5>\u00dcber Bruckners Symphonien sprechen<\/h5>\n<h5><div class=\"app-holder\"><bv-product-display product-id=\"BVK04046\" template=\"press\" lang=\"en\"><\/bv-product-display><\/div><\/h5>\n<hr \/>\n<h5>Was ist Musikwissenschaft?<\/h5>\n<h5><div class=\"app-holder\"><bv-product-display product-id=\"BVK02441\" template=\"press\" lang=\"en\"><\/bv-product-display><\/div><\/h5>\n<hr \/>\n<h5>Oper in Bewegung<\/h5>\n<h5><div class=\"app-holder\"><bv-product-display product-id=\"BVK04055\" template=\"press\" lang=\"en\"><\/bv-product-display><\/div><\/h5>\n<hr \/>\n<h5>Wolfgang Rihm und seine Musik<\/h5>\n<h5><div class=\"app-holder\"><bv-product-display product-id=\"BVK04045\" template=\"press\" lang=\"en\"><\/bv-product-display><\/div><\/h5>\n<hr \/>\n<h5>Great Art in the Small<\/h5>\n<h5><div class=\"app-holder\"><bv-product-display product-id=\"BVK02425\" template=\"press\" lang=\"en\"><\/bv-product-display><\/div><\/h5>\n<hr \/>\n<h5>Sch\u00fctz-Jahrbuch 2024<\/h5>\n<h5><div class=\"app-holder\"><bv-product-display product-id=\"BVK04062\" template=\"press\" lang=\"en\"><\/bv-product-display><\/div><\/h5>\n<hr \/>\n<h5>Musikalische Interpretation<\/h5>\n<h5><div class=\"app-holder\"><bv-product-display product-id=\"BVK02084\" template=\"press\" lang=\"en\"><\/bv-product-display><\/div><\/h5>\n<hr \/>\n<h5>\u00bbUnd alle Sph\u00e4ren klingen\u00ab<\/h5>\n<h5><div class=\"app-holder\"><bv-product-display product-id=\"BVK04033\" template=\"press\" lang=\"en\"><\/bv-product-display><\/div><\/h5>\n<hr \/>\n<h5>Musik am Ort<\/h5>\n<h5><div class=\"app-holder\"><bv-product-display product-id=\"BVK04030\" template=\"press\" lang=\"en\"><\/bv-product-display><\/div><\/h5>\n<hr \/>\n<h5>Musik und Heimat: Wechselwirkungen<\/h5>\n<div class=\"app-holder\"><bv-product-display product-id=\"BVK04043\" template=\"press\" lang=\"en\"><\/bv-product-display><\/div>\n<hr \/>\n<h5>Warum brach die letzte Fuge ab? &#8211; Meinolf Br\u00fcser l\u00f6st das R\u00e4tsel von Bachs \u201eKunst der Fuge\u201c<\/h5>\n<div class=\"app-holder\"><bv-product-display product-id=\"BVK04038\" template=\"press\" lang=\"en\"><\/bv-product-display><\/div>\n<hr \/>\n<h5>Facsimile: Smetana\u2019s fascinating \u201cVltava\u201d<\/h5>\n<div class=\"app-holder\"><bv-product-display product-id=\"BVK04013\" template=\"press\" lang=\"en\"><\/bv-product-display><\/div>\n\r\n\t\t<\/div>\r\n\t<\/div><\/div><\/div><div class=\"grve-column wpb_column grve-bookmark grve-column-1-4  grve-with-bg-transparent grve-empty-column\"><div class=\"grve-column-wrapper\"><div class=\"grve-column-content\" ><\/div><\/div><\/div><\/div><\/div><\/div>\n"},"excerpt":{"rendered":"<div class=\"grve-section grve-row-section grve-fullwidth-background grve-padding-top-1x grve-padding-bottom-1x grve-with-bg-transparent\" data-header-color=\"default\"><div class=\"grve-container\"><div class=\"grve-row grve-bookmark grve-columns-gap-default grve-mobile-vertical-gap-30\"><div class=\"grve-column wpb_column grve-bookmark grve-column-1  grve-with-bg-transparent\"><div class=\"grve-column-wrapper\"><div class=\"grve-column-content\" ><h2 class=\"grve-element grve-title grve-align-center grve-h3\"><span>New Publications Books on Music<\/span><\/h2><div class=\"grve-element grve-divider brv-custom-divider\"><div class=\"grve-line-divider grve-border\"><\/div><\/div><\/div><\/div><\/div><\/div><\/div><\/div><div class=\"grve-section grve-row-section grve-fullwidth-background grve-padding-top-1x grve-padding-bottom-1x grve-with-bg-transparent\" data-header-color=\"default\"><div class=\"grve-container\"><div class=\"grve-row grve-bookmark grve-columns-gap-default grve-mobile-vertical-gap-30\"><div class=\"grve-column wpb_column grve-bookmark grve-column-1-4  grve-with-bg-transparent grve-empty-column\"><div class=\"grve-column-wrapper\"><div class=\"grve-column-content\" ><\/div><\/div><\/div><div class=\"grve-column wpb_column grve-bookmark grve-column-1-2  grve-with-bg-transparent\"><div class=\"grve-column-wrapper\"><div class=\"grve-column-content\" ><div class=\"grve-element grve-text\">\r\n\t\t\t<h5>Was bleibt?<\/h5>\n<h5><div class=\"app-holder\"><bv-product-display product-id=\"BVK04066\" template=\"press\" lang=\"en\"><\/bv-product-display><\/div><\/h5>\n<hr \/>\n<h5>Zug\u00e4nge zum \u201eRing\u201c<\/h5>\n<h5><div class=\"app-holder\"><bv-product-display product-id=\"BVK04085\" template=\"press\" lang=\"en\"><\/bv-product-display><\/div><\/h5>\n<hr \/>\n<h5>Kompendium Auff\u00fchrungspraxis Orgel<\/h5>\n<h5><div class=\"app-holder\"><bv-product-display product-id=\"BVK02339\" template=\"press\" lang=\"en\"><\/bv-product-display><\/div><\/h5>\n<hr \/>\n<h5>A harrowing document<\/h5>\n<h5><div class=\"app-holder\"><bv-product-display product-id=\"BVK02350\" template=\"press\" lang=\"en\"><\/bv-product-display><\/div><\/h5>\n<hr \/>\n<h5>Siebzig Jahre Popmusik<\/h5>\n<h5><div class=\"app-holder\"><bv-product-display product-id=\"BVK02095\" template=\"press\" lang=\"en\"><\/bv-product-display><\/div><\/h5>\n<hr \/>\n<h5>\u00dcber Bruckners Symphonien sprechen<\/h5>\n<h5><div class=\"app-holder\"><bv-product-display product-id=\"BVK04046\" template=\"press\" lang=\"en\"><\/bv-product-display><\/div><\/h5>\n<hr \/>\n<h5>Was ist Musikwissenschaft?<\/h5>\n<h5><div class=\"app-holder\"><bv-product-display product-id=\"BVK02441\" template=\"press\" lang=\"en\"><\/bv-product-display><\/div><\/h5>\n<hr \/>\n<h5>Oper in Bewegung<\/h5>\n<h5><div class=\"app-holder\"><bv-product-display product-id=\"BVK04055\" template=\"press\" lang=\"en\"><\/bv-product-display><\/div><\/h5>\n<hr \/>\n<h5>Wolfgang Rihm und seine Musik<\/h5>\n<h5><div class=\"app-holder\"><bv-product-display product-id=\"BVK04045\" template=\"press\" lang=\"en\"><\/bv-product-display><\/div><\/h5>\n<hr \/>\n<h5>Great Art in the Small<\/h5>\n<h5><div class=\"app-holder\"><bv-product-display product-id=\"BVK02425\" template=\"press\" lang=\"en\"><\/bv-product-display><\/div><\/h5>\n<hr \/>\n<h5>Sch\u00fctz-Jahrbuch 2024<\/h5>\n<h5><div class=\"app-holder\"><bv-product-display product-id=\"BVK04062\" template=\"press\" lang=\"en\"><\/bv-product-display><\/div><\/h5>\n<hr \/>\n<h5>Musikalische Interpretation<\/h5>\n<h5><div class=\"app-holder\"><bv-product-display product-id=\"BVK02084\" template=\"press\" lang=\"en\"><\/bv-product-display><\/div><\/h5>\n<hr \/>\n<h5>\u00bbUnd alle Sph\u00e4ren klingen\u00ab<\/h5>\n<h5><div class=\"app-holder\"><bv-product-display product-id=\"BVK04033\" template=\"press\" lang=\"en\"><\/bv-product-display><\/div><\/h5>\n<hr \/>\n<h5>Musik am Ort<\/h5>\n<h5><div class=\"app-holder\"><bv-product-display product-id=\"BVK04030\" template=\"press\" lang=\"en\"><\/bv-product-display><\/div><\/h5>\n<hr \/>\n<h5>Musik und Heimat: Wechselwirkungen<\/h5>\n<div class=\"app-holder\"><bv-product-display product-id=\"BVK04043\" template=\"press\" lang=\"en\"><\/bv-product-display><\/div>\n<hr \/>\n<h5>Warum brach die letzte Fuge ab? &#8211; Meinolf Br\u00fcser l\u00f6st das R\u00e4tsel von Bachs \u201eKunst der Fuge\u201c<\/h5>\n<div class=\"app-holder\"><bv-product-display product-id=\"BVK04038\" template=\"press\" lang=\"en\"><\/bv-product-display><\/div>\n<hr \/>\n<h5>Facsimile: Smetana\u2019s fascinating \u201cVltava\u201d<\/h5>\n<div class=\"app-holder\"><bv-product-display product-id=\"BVK04013\" template=\"press\" lang=\"en\"><\/bv-product-display><\/div>\n\r\n\t\t<\/div>\r\n\t<\/div><\/div><\/div><div class=\"grve-column wpb_column grve-bookmark grve-column-1-4  grve-with-bg-transparent grve-empty-column\"><div class=\"grve-column-wrapper\"><div class=\"grve-column-content\" ><\/div><\/div><\/div><\/div><\/div><\/div>\n"},"author":5,"featured_media":0,"parent":0,"menu_order":70,"comment_status":"closed","ping_status":"closed","template":"","meta":{"_acf_changed":false,"_vp_format_video_url":"","_vp_image_focal_point":[],"_vp_custom_popup_image":0,"_vp_format_audio_url":"","_vp_album_images":[],"_vp_custom_thumbnail":0,"_vp_custom_thumbnail_focal_point":[],"_vp_custom_thumbnail_cover":0,"_vp_hover_thumbnail":0,"_vp_hover_thumbnail_focal_point":[],"footnotes":""},"class_list":["post-13684","page","type-page","status-publish","hentry","grve-entry-item"],"acf":[],"wpml_current_locale":"en_US","wpml_translations":{"de_DE":{"locale":"de_DE","id":12646,"slug":"neuerscheinungen-buecher","post_title":"Neuerscheinungen B\u00fccher","href":"https:\/\/emag.baerenreiter.com\/neuerscheinungen-buecher\/"}},"_links":{"self":[{"href":"https:\/\/emag.baerenreiter.com\/en\/wp-json\/wp\/v2\/pages\/13684","targetHints":{"allow":["GET"]}}],"collection":[{"href":"https:\/\/emag.baerenreiter.com\/en\/wp-json\/wp\/v2\/pages"}],"about":[{"href":"https:\/\/emag.baerenreiter.com\/en\/wp-json\/wp\/v2\/types\/page"}],"author":[{"embeddable":true,"href":"https:\/\/emag.baerenreiter.com\/en\/wp-json\/wp\/v2\/users\/5"}],"replies":[{"embeddable":true,"href":"https:\/\/emag.baerenreiter.com\/en\/wp-json\/wp\/v2\/comments?post=13684"}],"version-history":[{"count":19,"href":"https:\/\/emag.baerenreiter.com\/en\/wp-json\/wp\/v2\/pages\/13684\/revisions"}],"predecessor-version":[{"id":18778,"href":"https:\/\/emag.baerenreiter.com\/en\/wp-json\/wp\/v2\/pages\/13684\/revisions\/18778"}],"wp:attachment":[{"href":"https:\/\/emag.baerenreiter.com\/en\/wp-json\/wp\/v2\/media?parent=13684"}],"curies":[{"name":"wp","href":"https:\/\/api.w.org\/{rel}","templated":true}]}}