{"id":13673,"date":"2024-11-18T06:54:46","date_gmt":"2024-11-18T05:54:46","guid":{"rendered":"https:\/\/emag.baerenreiter.com\/partners\/"},"modified":"2025-01-22T09:52:47","modified_gmt":"2025-01-22T08:52:47","slug":"partners","status":"publish","type":"page","link":"https:\/\/emag.baerenreiter.com\/en\/partners\/","title":{"rendered":"Partners"},"content":{"rendered":"<div class=\"grve-section grve-row-section grve-fullwidth-background grve-padding-top-1x grve-padding-bottom-1x grve-with-bg-transparent\" data-header-color=\"default\"><div class=\"grve-container\"><div class=\"grve-row grve-bookmark grve-columns-gap-default grve-mobile-vertical-gap-30\"><div class=\"grve-column wpb_column grve-bookmark grve-column-1  grve-with-bg-transparent\"><div class=\"grve-column-wrapper\"><div class=\"grve-column-content\" ><h2 class=\"grve-element grve-title grve-align-center grve-h3\"><span>Partners<\/span><\/h2><div class=\"grve-element grve-divider brv-custom-divider\"><div class=\"grve-line-divider grve-border\"><\/div><\/div><\/div><\/div><\/div><div class=\"grve-column wpb_column grve-bookmark grve-column-1-5  grve-with-bg-transparent grve-empty-column\"><div class=\"grve-column-wrapper\"><div class=\"grve-column-content\" ><\/div><\/div><\/div><div class=\"grve-column wpb_column grve-bookmark grve-column-3-5  grve-with-bg-transparent\"><div class=\"grve-column-wrapper\"><div class=\"grve-column-content\" ><div class=\"grve-element grve-text\">\r\n\t\t\t<p>Since its foundation, B\u00e4renreiter has attached great importance to maintaining close contacts with the leading institutions for musicological research. This collaboration ensures that the publication of editions reflect the very latest in musicological scholarship and succeeds in bringing research out of the proverbial ivory tower to where it should have the greatest effect \u2013 into the performance of music.<\/p>\n<p>The company currently has contacts with the following institutions:<\/p>\n<ul>\n<li>Acad\u00e9mie Royale de Belgique, Br\u00fcssel<\/li>\n<li>Akademie der Wissenschaften und der Literatur, Mainz<\/li>\n<li>Allgemeiner C\u00e4cilien-Verband f\u00fcr Deutschland, Regensburg<\/li>\n<li>Bach-Archiv Leipzig<\/li>\n<li>Bayerische Akademie der Wissenschaften, M\u00fcnchen<\/li>\n<li>Bayerische Staatsbibliothek M\u00fcnchen<\/li>\n<li>Berlioz Centenary Committee London<\/li>\n<li>Center for Italian Opera Studies an der University of Chicago<\/li>\n<li>Deutscher Musikrat, Berlin<\/li>\n<li>Fondation Francis et Mica Salabert, Paris<\/li>\n<li>Georg-Friedrich-H\u00e4ndel-Gesellschaft, Halle (Saale)<\/li>\n<li>Gesellschaft f\u00fcr Musikforschung, Kassel<\/li>\n<li>Gesellschaft f\u00fcr Musikp\u00e4dagogik<\/li>\n<li>Gesellschaft zur wissenschaftlichen Edition des deutschen Kirchenliedes e. V. , Kassel<\/li>\n<li>Gluck Gesamtausgabe Forschungsstelle Salzburg<\/li>\n<li>Institut f\u00fcr hymnologische und musikethnologische Studien e. V., K\u00f6ln<\/li>\n<li>Institut f\u00fcr Kirchenmusik der Kunstuniversit\u00e4t Graz<\/li>\n<li>Institut f\u00fcr Musikwissenschaft der Universit\u00e4t Erlangen-N\u00fcrnberg \/ Institut f\u00fcr Musikforschung der Universit\u00e4t W\u00fcrzburg<\/li>\n<li>Internationale Bachakademie, Stuttgart<\/li>\n<li>Internationale Gesellschaft f\u00fcr Musikwissenschaft, Basel<\/li>\n<li>Internationale Heinrich-Sch\u00fctz-Gesellschaft, Kassel<\/li>\n<li>Internationale Schubert-Gesellschaft, T\u00fcbingen<\/li>\n<li>Internationale Stiftung Mozarteum Salzburg<\/li>\n<li>Internationale Vereinigung der Musikbibliotheken, Musikarchive und Dokumentationszentren (IVMB)<\/li>\n<li>Klavier-Festival Ruhr, Essen<\/li>\n<li>Mendelssohn-Briefausgabe an der Universit\u00e4t Leipzig<\/li>\n<li>Musikgeschichtliche Kommission (MgK) \/ Deutsches Musikgeschichtliches Archiv Kassel<\/li>\n<li>Paul-Sacher-Stiftung Basel<\/li>\n<li>RISM<\/li>\n<li>Staatsbibliothek zu Berlin<\/li>\n<li>Verband deutscher Musikschulen (VdM), Bonn<\/li>\n<li>Zentralbibliothek Z\u00fcrich<\/li>\n<li>Zentrum f\u00fcr Telemann-Pflege und -Forschung Magdeburg<\/li>\n<\/ul>\n\r\n\t\t<\/div>\r\n\t<\/div><\/div><\/div><div class=\"grve-column wpb_column grve-bookmark grve-column-1-5  grve-with-bg-transparent grve-empty-column\"><div class=\"grve-column-wrapper\"><div class=\"grve-column-content\" ><\/div><\/div><\/div><\/div><\/div><\/div>\n"},"excerpt":{"rendered":"<div class=\"grve-section grve-row-section grve-fullwidth-background grve-padding-top-1x grve-padding-bottom-1x grve-with-bg-transparent\" data-header-color=\"default\"><div class=\"grve-container\"><div class=\"grve-row grve-bookmark grve-columns-gap-default grve-mobile-vertical-gap-30\"><div class=\"grve-column wpb_column grve-bookmark grve-column-1  grve-with-bg-transparent\"><div class=\"grve-column-wrapper\"><div class=\"grve-column-content\" ><h2 class=\"grve-element grve-title grve-align-center grve-h3\"><span>Partners<\/span><\/h2><div class=\"grve-element grve-divider brv-custom-divider\"><div class=\"grve-line-divider grve-border\"><\/div><\/div><\/div><\/div><\/div><div class=\"grve-column wpb_column grve-bookmark grve-column-1-5  grve-with-bg-transparent grve-empty-column\"><div class=\"grve-column-wrapper\"><div class=\"grve-column-content\" ><\/div><\/div><\/div><div class=\"grve-column wpb_column grve-bookmark grve-column-3-5  grve-with-bg-transparent\"><div class=\"grve-column-wrapper\"><div class=\"grve-column-content\" ><div class=\"grve-element grve-text\">\r\n\t\t\t<p>Since its foundation, B\u00e4renreiter has attached great importance to maintaining close contacts with the leading institutions for musicological research. This collaboration ensures that the publication of editions reflect the very latest in musicological scholarship and succeeds in bringing research out of the proverbial ivory tower to where it should have the greatest effect \u2013 into the performance of music.<\/p>\n<p>The company currently has contacts with the following institutions:<\/p>\n<ul>\n<li>Acad\u00e9mie Royale de Belgique, Br\u00fcssel<\/li>\n<li>Akademie der Wissenschaften und der Literatur, Mainz<\/li>\n<li>Allgemeiner C\u00e4cilien-Verband f\u00fcr Deutschland, Regensburg<\/li>\n<li>Bach-Archiv Leipzig<\/li>\n<li>Bayerische Akademie der Wissenschaften, M\u00fcnchen<\/li>\n<li>Bayerische Staatsbibliothek M\u00fcnchen<\/li>\n<li>Berlioz Centenary Committee London<\/li>\n<li>Center for Italian Opera Studies an der University of Chicago<\/li>\n<li>Deutscher Musikrat, Berlin<\/li>\n<li>Fondation Francis et Mica Salabert, Paris<\/li>\n<li>Georg-Friedrich-H\u00e4ndel-Gesellschaft, Halle (Saale)<\/li>\n<li>Gesellschaft f\u00fcr Musikforschung, Kassel<\/li>\n<li>Gesellschaft f\u00fcr Musikp\u00e4dagogik<\/li>\n<li>Gesellschaft zur wissenschaftlichen Edition des deutschen Kirchenliedes e. V. , Kassel<\/li>\n<li>Gluck Gesamtausgabe Forschungsstelle Salzburg<\/li>\n<li>Institut f\u00fcr hymnologische und musikethnologische Studien e. V., K\u00f6ln<\/li>\n<li>Institut f\u00fcr Kirchenmusik der Kunstuniversit\u00e4t Graz<\/li>\n<li>Institut f\u00fcr Musikwissenschaft der Universit\u00e4t Erlangen-N\u00fcrnberg \/ Institut f\u00fcr Musikforschung der Universit\u00e4t W\u00fcrzburg<\/li>\n<li>Internationale Bachakademie, Stuttgart<\/li>\n<li>Internationale Gesellschaft f\u00fcr Musikwissenschaft, Basel<\/li>\n<li>Internationale Heinrich-Sch\u00fctz-Gesellschaft, Kassel<\/li>\n<li>Internationale Schubert-Gesellschaft, T\u00fcbingen<\/li>\n<li>Internationale Stiftung Mozarteum Salzburg<\/li>\n<li>Internationale Vereinigung der Musikbibliotheken, Musikarchive und Dokumentationszentren (IVMB)<\/li>\n<li>Klavier-Festival Ruhr, Essen<\/li>\n<li>Mendelssohn-Briefausgabe an der Universit\u00e4t Leipzig<\/li>\n<li>Musikgeschichtliche Kommission (MgK) \/ Deutsches Musikgeschichtliches Archiv Kassel<\/li>\n<li>Paul-Sacher-Stiftung Basel<\/li>\n<li>RISM<\/li>\n<li>Staatsbibliothek zu Berlin<\/li>\n<li>Verband deutscher Musikschulen (VdM), Bonn<\/li>\n<li>Zentralbibliothek Z\u00fcrich<\/li>\n<li>Zentrum f\u00fcr Telemann-Pflege und -Forschung Magdeburg<\/li>\n<\/ul>\n\r\n\t\t<\/div>\r\n\t<\/div><\/div><\/div><div class=\"grve-column wpb_column grve-bookmark grve-column-1-5  grve-with-bg-transparent grve-empty-column\"><div class=\"grve-column-wrapper\"><div class=\"grve-column-content\" ><\/div><\/div><\/div><\/div><\/div><\/div>\n"},"author":5,"featured_media":0,"parent":0,"menu_order":70,"comment_status":"closed","ping_status":"closed","template":"","meta":{"_acf_changed":false,"_vp_format_video_url":"","_vp_image_focal_point":[],"_vp_custom_popup_image":0,"_vp_format_audio_url":"","_vp_album_images":[],"_vp_custom_thumbnail":0,"_vp_custom_thumbnail_focal_point":[],"_vp_custom_thumbnail_cover":0,"_vp_hover_thumbnail":0,"_vp_hover_thumbnail_focal_point":[],"footnotes":""},"class_list":["post-13673","page","type-page","status-publish","hentry","grve-entry-item"],"acf":[],"wpml_current_locale":"en_US","wpml_translations":{"de_DE":{"locale":"de_DE","id":13632,"slug":"partner","post_title":"Partner","href":"https:\/\/emag.baerenreiter.com\/partner\/"}},"_links":{"self":[{"href":"https:\/\/emag.baerenreiter.com\/en\/wp-json\/wp\/v2\/pages\/13673","targetHints":{"allow":["GET"]}}],"collection":[{"href":"https:\/\/emag.baerenreiter.com\/en\/wp-json\/wp\/v2\/pages"}],"about":[{"href":"https:\/\/emag.baerenreiter.com\/en\/wp-json\/wp\/v2\/types\/page"}],"author":[{"embeddable":true,"href":"https:\/\/emag.baerenreiter.com\/en\/wp-json\/wp\/v2\/users\/5"}],"replies":[{"embeddable":true,"href":"https:\/\/emag.baerenreiter.com\/en\/wp-json\/wp\/v2\/comments?post=13673"}],"version-history":[{"count":3,"href":"https:\/\/emag.baerenreiter.com\/en\/wp-json\/wp\/v2\/pages\/13673\/revisions"}],"predecessor-version":[{"id":14478,"href":"https:\/\/emag.baerenreiter.com\/en\/wp-json\/wp\/v2\/pages\/13673\/revisions\/14478"}],"wp:attachment":[{"href":"https:\/\/emag.baerenreiter.com\/en\/wp-json\/wp\/v2\/media?parent=13673"}],"curies":[{"name":"wp","href":"https:\/\/api.w.org\/{rel}","templated":true}]}}