{"id":13002,"date":"2024-09-13T13:03:02","date_gmt":"2024-09-13T11:03:02","guid":{"rendered":"https:\/\/emag.baerenreiter.com\/neuwerk-buch-und-musikalienhandlung\/"},"modified":"2024-09-16T08:49:25","modified_gmt":"2024-09-16T06:49:25","slug":"neuwerk-buch-und-musikalienhandlung","status":"publish","type":"page","link":"https:\/\/emag.baerenreiter.com\/en\/neuwerk-buch-und-musikalienhandlung\/","title":{"rendered":"Neuwerk Buch- und Musikalienhandlung"},"content":{"rendered":"<div class=\"grve-section grve-row-section grve-fullwidth-background grve-padding-top-1x grve-padding-bottom-1x grve-with-bg-transparent\" data-header-color=\"default\"><div class=\"grve-container\"><div class=\"grve-row grve-bookmark grve-columns-gap-default grve-mobile-vertical-gap-30\"><div class=\"grve-column wpb_column grve-bookmark grve-column-1  grve-with-bg-transparent\"><div class=\"grve-column-wrapper\"><div class=\"grve-column-content\" ><h2 class=\"grve-element grve-title grve-align-center grve-h3\"><span>Neuwerk book and music shop<\/span><\/h2><div class=\"grve-element grve-divider brv-custom-divider\"><div class=\"grve-line-divider grve-border\"><\/div><\/div><\/div><\/div><\/div><div class=\"grve-column wpb_column grve-bookmark grve-column-1-5  grve-with-bg-transparent grve-empty-column\"><div class=\"grve-column-wrapper\"><div class=\"grve-column-content\" ><\/div><\/div><\/div><div class=\"grve-column wpb_column grve-bookmark grve-column-3-5  grve-with-bg-transparent\"><div class=\"grve-column-wrapper\"><div class=\"grve-column-content\" ><div class=\"grve-element grve-text\">\r\n\t\t\t<p>The Neuwerk bookshop joined B\u00e4renreiter as early as 1929. It was a book shop with mailorder facilities and also handled the distribution of journals and subscriptions. This shop was situated in the Neuwerk-Haus, Steinweg, very close to the Palais Bellevue (now the Museum of the Brothers Grimm), which was destroyed by bombs during World War II. Karl V\u00f6tterle bought collections of books throughout the war, particularly in the area of music and musicology, and sold these to libraries and private individuals. After the war, this second-hand bookselling business formed the basis for rebuilding the company.<\/p>\n<p>Using the antiquarian bookshop as a basis, a retail bookshop was re-established on the ground floor of the new B\u00e4renreiter premises in the Heinrich-Sch\u00fctz-Allee, Kassel, and the range of editions was expanded to include printed music from B\u00e4renreiter as well as other publishers. Because the location in the publishing house was not good for walk-in customers, Neuwerk moved to the Obere Karlsstra\u00dfe (in the centre of Kassel) in 1999. This move did not prove to be as successful as anticipated, so the shop was closed in 2004.<br \/>\nA successful mail-order business still exists.<\/p>\n<p>Managing Directors are Barbara Scheuch-V\u00f6tterle, daughter of the founder of B\u00e4renreiter, Karl V\u00f6tterle, and her son Clemens Scheuch.<\/p>\n\r\n\t\t<\/div>\r\n\t<\/div><\/div><\/div><div class=\"grve-column wpb_column grve-bookmark grve-column-1-5  grve-with-bg-transparent grve-empty-column\"><div class=\"grve-column-wrapper\"><div class=\"grve-column-content\" ><\/div><\/div><\/div><\/div><\/div><\/div>\n"},"excerpt":{"rendered":"<div class=\"grve-section grve-row-section grve-fullwidth-background grve-padding-top-1x grve-padding-bottom-1x grve-with-bg-transparent\" data-header-color=\"default\"><div class=\"grve-container\"><div class=\"grve-row grve-bookmark grve-columns-gap-default grve-mobile-vertical-gap-30\"><div class=\"grve-column wpb_column grve-bookmark grve-column-1  grve-with-bg-transparent\"><div class=\"grve-column-wrapper\"><div class=\"grve-column-content\" ><h2 class=\"grve-element grve-title grve-align-center grve-h3\"><span>Neuwerk book and music shop<\/span><\/h2><div class=\"grve-element grve-divider brv-custom-divider\"><div class=\"grve-line-divider grve-border\"><\/div><\/div><\/div><\/div><\/div><div class=\"grve-column wpb_column grve-bookmark grve-column-1-5  grve-with-bg-transparent grve-empty-column\"><div class=\"grve-column-wrapper\"><div class=\"grve-column-content\" ><\/div><\/div><\/div><div class=\"grve-column wpb_column grve-bookmark grve-column-3-5  grve-with-bg-transparent\"><div class=\"grve-column-wrapper\"><div class=\"grve-column-content\" ><div class=\"grve-element grve-text\">\r\n\t\t\t<p>The Neuwerk bookshop joined B\u00e4renreiter as early as 1929. It was a book shop with mailorder facilities and also handled the distribution of journals and subscriptions. This shop was situated in the Neuwerk-Haus, Steinweg, very close to the Palais Bellevue (now the Museum of the Brothers Grimm), which was destroyed by bombs during World War II. Karl V\u00f6tterle bought collections of books throughout the war, particularly in the area of music and musicology, and sold these to libraries and private individuals. After the war, this second-hand bookselling business formed the basis for rebuilding the company.<\/p>\n<p>Using the antiquarian bookshop as a basis, a retail bookshop was re-established on the ground floor of the new B\u00e4renreiter premises in the Heinrich-Sch\u00fctz-Allee, Kassel, and the range of editions was expanded to include printed music from B\u00e4renreiter as well as other publishers. Because the location in the publishing house was not good for walk-in customers, Neuwerk moved to the Obere Karlsstra\u00dfe (in the centre of Kassel) in 1999. This move did not prove to be as successful as anticipated, so the shop was closed in 2004.<br \/>\nA successful mail-order business still exists.<\/p>\n<p>Managing Directors are Barbara Scheuch-V\u00f6tterle, daughter of the founder of B\u00e4renreiter, Karl V\u00f6tterle, and her son Clemens Scheuch.<\/p>\n\r\n\t\t<\/div>\r\n\t<\/div><\/div><\/div><div class=\"grve-column wpb_column grve-bookmark grve-column-1-5  grve-with-bg-transparent grve-empty-column\"><div class=\"grve-column-wrapper\"><div class=\"grve-column-content\" ><\/div><\/div><\/div><\/div><\/div><\/div>\n"},"author":5,"featured_media":0,"parent":0,"menu_order":70,"comment_status":"closed","ping_status":"closed","template":"","meta":{"_acf_changed":false,"_vp_format_video_url":"","_vp_image_focal_point":[],"_vp_custom_popup_image":0,"_vp_format_audio_url":"","_vp_album_images":[],"_vp_custom_thumbnail":0,"_vp_custom_thumbnail_focal_point":[],"_vp_custom_thumbnail_cover":0,"_vp_hover_thumbnail":0,"_vp_hover_thumbnail_focal_point":[],"footnotes":""},"class_list":["post-13002","page","type-page","status-publish","hentry","grve-entry-item"],"acf":[],"wpml_current_locale":"en_US","wpml_translations":{"de_DE":{"locale":"de_DE","id":12950,"slug":"neuwerk-buch-und-musikalienhandlung","post_title":"Neuwerk Buch- und Musikalienhandlung","href":"https:\/\/emag.baerenreiter.com\/neuwerk-buch-und-musikalienhandlung\/"}},"_links":{"self":[{"href":"https:\/\/emag.baerenreiter.com\/en\/wp-json\/wp\/v2\/pages\/13002","targetHints":{"allow":["GET"]}}],"collection":[{"href":"https:\/\/emag.baerenreiter.com\/en\/wp-json\/wp\/v2\/pages"}],"about":[{"href":"https:\/\/emag.baerenreiter.com\/en\/wp-json\/wp\/v2\/types\/page"}],"author":[{"embeddable":true,"href":"https:\/\/emag.baerenreiter.com\/en\/wp-json\/wp\/v2\/users\/5"}],"replies":[{"embeddable":true,"href":"https:\/\/emag.baerenreiter.com\/en\/wp-json\/wp\/v2\/comments?post=13002"}],"version-history":[{"count":2,"href":"https:\/\/emag.baerenreiter.com\/en\/wp-json\/wp\/v2\/pages\/13002\/revisions"}],"predecessor-version":[{"id":13004,"href":"https:\/\/emag.baerenreiter.com\/en\/wp-json\/wp\/v2\/pages\/13002\/revisions\/13004"}],"wp:attachment":[{"href":"https:\/\/emag.baerenreiter.com\/en\/wp-json\/wp\/v2\/media?parent=13002"}],"curies":[{"name":"wp","href":"https:\/\/api.w.org\/{rel}","templated":true}]}}