{"id":12966,"date":"2024-09-13T08:52:11","date_gmt":"2024-09-13T06:52:11","guid":{"rendered":"https:\/\/emag.baerenreiter.com\/alkor-edition\/"},"modified":"2024-09-16T07:23:16","modified_gmt":"2024-09-16T05:23:16","slug":"alkor-edition","status":"publish","type":"page","link":"https:\/\/emag.baerenreiter.com\/en\/alkor-edition\/","title":{"rendered":"Alkor Edition"},"content":{"rendered":"<div class=\"grve-section grve-row-section grve-fullwidth-background grve-padding-top-1x grve-padding-bottom-1x grve-with-bg-transparent\" data-header-color=\"default\"><div class=\"grve-container\"><div class=\"grve-row grve-bookmark grve-columns-gap-default grve-mobile-vertical-gap-30\"><div class=\"grve-column wpb_column grve-bookmark grve-column-1  grve-with-bg-transparent\"><div class=\"grve-column-wrapper\"><div class=\"grve-column-content\" ><h2 class=\"grve-element grve-title grve-align-center grve-h3\"><span>Alkor Edition<\/span><\/h2><div class=\"grve-element grve-divider brv-custom-divider\"><div class=\"grve-line-divider grve-border\"><\/div><\/div><\/div><\/div><\/div><div class=\"grve-column wpb_column grve-bookmark grve-column-1-5  grve-with-bg-transparent grve-empty-column\"><div class=\"grve-column-wrapper\"><div class=\"grve-column-content\" ><\/div><\/div><\/div><div class=\"grve-column wpb_column grve-bookmark grve-column-3-5  grve-with-bg-transparent\"><div class=\"grve-column-wrapper\"><div class=\"grve-column-content\" ><div class=\"grve-element grve-text\">\r\n\t\t\t<p>Alkor-Edition, the music publisher and agency for stage and orchestral works, emerged from the company originally called Musikwissenschaftlicher Verlag. This company was founded in 1934 in Leipzig to continue the Bruckner Complete Critical Edition and then was renamed Bruckner-Verlag Leipzig in 1944. With the refounding of the publishing house as Bruckner-Verlag Wiesbaden, the head office first moved to Wiesbaden in 1948 where its Managing Director was Fritz Oeser. Karl V\u00f6tterle subsequently invited the company to move to Kassel to join the B\u00e4renreiter Group under the name of Alkor-Edition. Managing Directors are Barbara Scheuch-V\u00f6tterle, daughter of the founder of B\u00e4renreiter, Karl V\u00f6tterle, and her son Clemens Scheuch.<\/p>\n<p>As an agency for the distribution of stage and orchestral works as well as its own publications, Alkor-Edition distributes performance materials from B\u00e4renreiter and numerous foreign publishers. These include stage and orchestral works by Rameau, Lully, Telemann, Handel, Gluck, Mozart, Haydn, Beethoven, Schubert, Mendelssohn, Berlioz, Jan\u00e1cek and the editions of the Bruckner symphonies. Also available at Alkor-Edition are scholarly-critical editions of major operas such as Beethoven\u2019s \u201cFidelio\u201d, Rossini\u2019s \u201cIl barbiere di Siviglia\u201d, Bizet\u2019s \u201cCarmen\u201d, Hal\u00e9vy\u2019s \u201cLa Juive\u201d, \u201cDvor\u00e1k\u2019s Rusalka\u201d, Smetana\u2019s \u201cThe Bartered Bride\u201d, Gounod\u2019s \u201cFaust\u201d, Offenbach\u2019s \u201cLes contes d\u2019Hoffmann\u201d and \u201cLa Belle H\u00e9l\u00e8ne\u201d and ballets by Tchaikovsky. Contemporary music forms a central part of the Alkor repertoire, in particular works by B\u00e4renreiter composers.<\/p>\n<p>A complete overview of the performance materials available at Alkor-Edition can be found in the Kassel Stage Works Catalogue and Kassel Orchestral Catalogue.<\/p>\n<p>The latest news on composers, new publications, first performances and publishing plans can be found in the &#8220;[t]akte&#8221; magazine, published twice a year in both printed form and online at www.takte-online.de.<\/p>\n\r\n\t\t<\/div>\r\n\t<\/div><\/div><\/div><div class=\"grve-column wpb_column grve-bookmark grve-column-1-5  grve-with-bg-transparent grve-empty-column\"><div class=\"grve-column-wrapper\"><div class=\"grve-column-content\" ><\/div><\/div><\/div><\/div><\/div><\/div>\n"},"excerpt":{"rendered":"<div class=\"grve-section grve-row-section grve-fullwidth-background grve-padding-top-1x grve-padding-bottom-1x grve-with-bg-transparent\" data-header-color=\"default\"><div class=\"grve-container\"><div class=\"grve-row grve-bookmark grve-columns-gap-default grve-mobile-vertical-gap-30\"><div class=\"grve-column wpb_column grve-bookmark grve-column-1  grve-with-bg-transparent\"><div class=\"grve-column-wrapper\"><div class=\"grve-column-content\" ><h2 class=\"grve-element grve-title grve-align-center grve-h3\"><span>Alkor Edition<\/span><\/h2><div class=\"grve-element grve-divider brv-custom-divider\"><div class=\"grve-line-divider grve-border\"><\/div><\/div><\/div><\/div><\/div><div class=\"grve-column wpb_column grve-bookmark grve-column-1-5  grve-with-bg-transparent grve-empty-column\"><div class=\"grve-column-wrapper\"><div class=\"grve-column-content\" ><\/div><\/div><\/div><div class=\"grve-column wpb_column grve-bookmark grve-column-3-5  grve-with-bg-transparent\"><div class=\"grve-column-wrapper\"><div class=\"grve-column-content\" ><div class=\"grve-element grve-text\">\r\n\t\t\t<p>Alkor-Edition, the music publisher and agency for stage and orchestral works, emerged from the company originally called Musikwissenschaftlicher Verlag. This company was founded in 1934 in Leipzig to continue the Bruckner Complete Critical Edition and then was renamed Bruckner-Verlag Leipzig in 1944. With the refounding of the publishing house as Bruckner-Verlag Wiesbaden, the head office first moved to Wiesbaden in 1948 where its Managing Director was Fritz Oeser. Karl V\u00f6tterle subsequently invited the company to move to Kassel to join the B\u00e4renreiter Group under the name of Alkor-Edition. Managing Directors are Barbara Scheuch-V\u00f6tterle, daughter of the founder of B\u00e4renreiter, Karl V\u00f6tterle, and her son Clemens Scheuch.<\/p>\n<p>As an agency for the distribution of stage and orchestral works as well as its own publications, Alkor-Edition distributes performance materials from B\u00e4renreiter and numerous foreign publishers. These include stage and orchestral works by Rameau, Lully, Telemann, Handel, Gluck, Mozart, Haydn, Beethoven, Schubert, Mendelssohn, Berlioz, Jan\u00e1cek and the editions of the Bruckner symphonies. Also available at Alkor-Edition are scholarly-critical editions of major operas such as Beethoven\u2019s \u201cFidelio\u201d, Rossini\u2019s \u201cIl barbiere di Siviglia\u201d, Bizet\u2019s \u201cCarmen\u201d, Hal\u00e9vy\u2019s \u201cLa Juive\u201d, \u201cDvor\u00e1k\u2019s Rusalka\u201d, Smetana\u2019s \u201cThe Bartered Bride\u201d, Gounod\u2019s \u201cFaust\u201d, Offenbach\u2019s \u201cLes contes d\u2019Hoffmann\u201d and \u201cLa Belle H\u00e9l\u00e8ne\u201d and ballets by Tchaikovsky. Contemporary music forms a central part of the Alkor repertoire, in particular works by B\u00e4renreiter composers.<\/p>\n<p>A complete overview of the performance materials available at Alkor-Edition can be found in the Kassel Stage Works Catalogue and Kassel Orchestral Catalogue.<\/p>\n<p>The latest news on composers, new publications, first performances and publishing plans can be found in the &#8220;[t]akte&#8221; magazine, published twice a year in both printed form and online at www.takte-online.de.<\/p>\n\r\n\t\t<\/div>\r\n\t<\/div><\/div><\/div><div class=\"grve-column wpb_column grve-bookmark grve-column-1-5  grve-with-bg-transparent grve-empty-column\"><div class=\"grve-column-wrapper\"><div class=\"grve-column-content\" ><\/div><\/div><\/div><\/div><\/div><\/div>\n"},"author":5,"featured_media":0,"parent":0,"menu_order":70,"comment_status":"closed","ping_status":"closed","template":"","meta":{"_acf_changed":false,"_vp_format_video_url":"","_vp_image_focal_point":[],"_vp_custom_popup_image":0,"_vp_format_audio_url":"","_vp_album_images":[],"_vp_custom_thumbnail":0,"_vp_custom_thumbnail_focal_point":[],"_vp_custom_thumbnail_cover":0,"_vp_hover_thumbnail":0,"_vp_hover_thumbnail_focal_point":[],"footnotes":""},"class_list":["post-12966","page","type-page","status-publish","hentry","grve-entry-item"],"acf":[],"wpml_current_locale":"en_US","wpml_translations":{"de_DE":{"locale":"de_DE","id":12923,"slug":"alkor-edition","post_title":"Alkor Edition","href":"https:\/\/emag.baerenreiter.com\/alkor-edition\/"}},"_links":{"self":[{"href":"https:\/\/emag.baerenreiter.com\/en\/wp-json\/wp\/v2\/pages\/12966","targetHints":{"allow":["GET"]}}],"collection":[{"href":"https:\/\/emag.baerenreiter.com\/en\/wp-json\/wp\/v2\/pages"}],"about":[{"href":"https:\/\/emag.baerenreiter.com\/en\/wp-json\/wp\/v2\/types\/page"}],"author":[{"embeddable":true,"href":"https:\/\/emag.baerenreiter.com\/en\/wp-json\/wp\/v2\/users\/5"}],"replies":[{"embeddable":true,"href":"https:\/\/emag.baerenreiter.com\/en\/wp-json\/wp\/v2\/comments?post=12966"}],"version-history":[{"count":2,"href":"https:\/\/emag.baerenreiter.com\/en\/wp-json\/wp\/v2\/pages\/12966\/revisions"}],"predecessor-version":[{"id":12968,"href":"https:\/\/emag.baerenreiter.com\/en\/wp-json\/wp\/v2\/pages\/12966\/revisions\/12968"}],"wp:attachment":[{"href":"https:\/\/emag.baerenreiter.com\/en\/wp-json\/wp\/v2\/media?parent=12966"}],"curies":[{"name":"wp","href":"https:\/\/api.w.org\/{rel}","templated":true}]}}