{"id":10762,"date":"2024-06-25T13:27:48","date_gmt":"2024-06-25T11:27:48","guid":{"rendered":"https:\/\/emag.baerenreiter.com\/films-about-baerenreiter\/"},"modified":"2025-05-22T11:03:55","modified_gmt":"2025-05-22T09:03:55","slug":"films-about-baerenreiter","status":"publish","type":"page","link":"https:\/\/emag.baerenreiter.com\/en\/films-about-baerenreiter\/","title":{"rendered":"Films about B\u00e4renreiter"},"content":{"rendered":"<div class=\"grve-section grve-row-section grve-fullwidth-background grve-padding-top-3x grve-padding-bottom-3x grve-with-bg-color\" data-header-color=\"default\"><div class=\"grve-container\"><div class=\"grve-row grve-bookmark grve-columns-gap-default grve-mobile-vertical-gap-30\"><div class=\"grve-column wpb_column grve-bookmark grve-column-1  grve-with-bg-transparent grve-animated-item\" data-delay=\"0\" data-duration=\"normal\" data-animation=\"fade-in-up\"><div class=\"grve-column-wrapper\"><div class=\"grve-column-content\" ><div class=\"grve-inner-section grve-with-bg-transparent\"><div class=\"grve-row-inner grve-bookmark grve-columns-gap-default grve-mobile-vertical-gap-30\"><div class=\"grve-column-inner wpb_column grve-column-1  grve-tablet-sm-column-2-3 grve-with-bg-transparent\"><div class=\"grve-column-wrapper-inner\"><div class=\"grve-column-inner-content\" ><h2 class=\"grve-element grve-title grve-align-left grve-h3\" style=\"margin-bottom: 30px; color: ;\"><span>B\u00e4renreiter celebrates its 100th anniversary<\/span><\/h2><\/div><\/div><\/div><\/div><\/div><div class=\"grve-inner-section grve-with-bg-transparent\"><div class=\"grve-row-inner grve-bookmark grve-columns-gap-60 grve-mobile-vertical-gap-30\"><div class=\"grve-column-inner wpb_column grve-column-1-2  grve-tablet-sm-column-2-3 grve-with-bg-transparent\"><div class=\"grve-column-wrapper-inner\"><div class=\"grve-column-inner-content\" ><div class=\"grve-element grve-text\">\r\n\t\t\t<p>Let&#8217;s celebrate music!<\/p>\n<p>From simple song sheets to complex Urtext editions: The one-hundred-year history of B\u00e4renreiter has many facets. Today, the name B\u00e4renreiter stands for an exquisite quality of music editions. Musicians who sing and play from \u201cB\u00e4renreiter Urtext\u201d editions can be assured that the music comes as close as possible to the composer\u2019s intentions. The Complete Editions of works by Bach, Handel, Mozart, Schubert and many others, as well as the ensuing Urtext editions are the fundament of the publishing programme. In addition, Urtext editions not affiliated to B\u00e4renreiter Complete Editions, books on music, music pedagogical publications as well as important contemporary compositions are included. One hundred years are a reason to celebrate and a motivation to set out on new challenges.<\/p>\n\r\n\t\t<\/div>\r\n\t<\/div><\/div><\/div><div class=\"grve-column-inner wpb_column grve-column-1-2  grve-with-bg-transparent\"><div class=\"grve-column-wrapper-inner\"><div class=\"grve-column-inner-content\" ><div class=\"grve-empty-space grve-height-1x\"><\/div>\n\t<div class=\"wpb_raw_code wpb_raw_html wpb_content_element\" >\n\t\t<div class=\"wpb_wrapper\">\n\t\t\t<div class=\"cookieconsent-optout-marketing\">Please <a href=\"javascript:Cookiebot.renew()\">accept Marketing Cookies<\/a> to watch this video.<\/div><iframe width=\"560\" height=\"315\" src=\"https:\/\/www.youtube-nocookie.com\/embed\/6xvGpThvcCE?si=jNNdjyk3QknkvFop\" title=\"YouTube video player\" frameborder=\"0\" allow=\"accelerometer; autoplay; clipboard-write; encrypted-media; gyroscope; picture-in-picture; web-share\" referrerpolicy=\"strict-origin-when-cross-origin\" allowfullscreen><\/iframe>\n\t\t<\/div>\n\t<\/div>\n<\/div><\/div><\/div><\/div><\/div><\/div><\/div><\/div><\/div><\/div><\/div><div class=\"grve-section grve-row-section grve-fullwidth-background grve-padding-top-3x grve-padding-bottom-3x grve-with-bg-color\" data-header-color=\"default\"  style=\"background-color:#00a4b7;color:#ffffff;\"><div class=\"grve-container\"><div class=\"grve-row grve-bookmark grve-columns-gap-default grve-mobile-vertical-gap-30\"><div class=\"grve-column wpb_column grve-bookmark grve-column-1  grve-with-bg-transparent grve-animated-item\" data-delay=\"0\" data-duration=\"normal\" data-animation=\"fade-in-up\"><div class=\"grve-column-wrapper\"><div class=\"grve-column-content\" ><div class=\"grve-inner-section grve-with-bg-transparent\"><div class=\"grve-row-inner grve-bookmark grve-columns-gap-default grve-mobile-vertical-gap-30\"><div class=\"grve-column-inner wpb_column grve-column-1-4  grve-tablet-sm-column-2-3 grve-mobile-column-hide grve-with-bg-transparent grve-empty-column\"  style=\"color:#ffffff;\"><div class=\"grve-column-wrapper-inner\"><div class=\"grve-column-inner-content\" ><\/div><\/div><\/div><div class=\"grve-column-inner wpb_column grve-column-1-2  grve-with-bg-transparent\"><div class=\"grve-column-wrapper-inner\"><div class=\"grve-column-inner-content\" ><h2 class=\"grve-element grve-title grve-align-left grve-h3 grve-text-white\" style=\"margin-bottom: 30px;\"><span><br>\n<h1>B\u00e4renreiter Urtext<\/h1>\n<\/span><\/h2><\/div><\/div><\/div><div class=\"grve-column-inner wpb_column grve-column-1-4  grve-mobile-column-hide grve-with-bg-transparent grve-empty-column\"><div class=\"grve-column-wrapper-inner\"><div class=\"grve-column-inner-content\" ><\/div><\/div><\/div><\/div><\/div><div class=\"grve-inner-section grve-with-bg-transparent\"><div class=\"grve-row-inner grve-bookmark grve-columns-gap-default grve-mobile-vertical-gap-30\"><div class=\"grve-column-inner wpb_column grve-column-1-4  grve-tablet-sm-column-2-3 grve-mobile-column-hide grve-with-bg-transparent grve-empty-column\"  style=\"color:#ffffff;\"><div class=\"grve-column-wrapper-inner\"><div class=\"grve-column-inner-content\" ><\/div><\/div><\/div><div class=\"grve-column-inner wpb_column grve-column-1-2  grve-with-bg-transparent\"><div class=\"grve-column-wrapper-inner\"><div class=\"grve-column-inner-content\" >\n\t<div class=\"wpb_raw_code wpb_raw_html wpb_content_element\" >\n\t\t<div class=\"wpb_wrapper\">\n\t\t\t<div class=\"cookieconsent-optout-marketing\">Please <a href=\"javascript:Cookiebot.renew()\">accept Marketing Cookies<\/a> to watch this video.<\/div><iframe width=\"560\" height=\"315\" src=\"https:\/\/www.youtube-nocookie.com\/embed\/yzzosvTN27U?si=wqzt9AShJW2qRQGr\" title=\"YouTube video player\" frameborder=\"0\" allow=\"accelerometer; autoplay; clipboard-write; encrypted-media; gyroscope; picture-in-picture; web-share\" referrerpolicy=\"strict-origin-when-cross-origin\" allowfullscreen><\/iframe>\n\t\t<\/div>\n\t<\/div>\n<div class=\"grve-empty-space grve-height-1x\"><\/div><div class=\"grve-element grve-text\">\r\n\t\t\t<p>Renowned conductor and musicologist Christopher Hogwood (\u2020 2014) takes you on a journey through B\u00e4renreiter. Come with us behind the scenes. You will be given an insight into the editorial and production process of an Urtext edition. The history of this family-owned company is also revealed.<\/p>\n<p>Musical works recorded for the film:<\/p>\n<p>Johannes Brahms: \u201eAlbumblatt for Piano\u201d<br \/>\nB\u00c4RENREITER URTEXT, edited by Christopher Hogwood, BA 9606<br \/>\nPerformed by Seiko Amano-Harborth in the B\u00e4renreiter library<\/p>\n<p>Johannes Brahms: \u201eTrio for Violin, Horn (Viola or Violoncello) and Piano op. 40\u201d<br \/>\nB\u00c4RENREITER URTEXT, edited by Christopher Hogwood, BA 9435<br \/>\nLive recording of a masterclass with Christopher Hogwood at the Hochschule f\u00fcr Musik und Darstellende Kunst Frankfurt am Main (4 June 2012); participants: Chenjun Fan (violin), C\u00e9cile Dorch\u00eane (violin\/gut strings), Elen Guloyan (viola), Michael Preu\u00df (violoncello), Yan Su (piano), Sung-Jae Kim (piano), Tobias Hartlieb (historical pianoforte), Catherine Eisele (French horn), Georg K\u00f6hler (natural horn).<\/p>\n<p>Direction, Concept, Production management, Cut: Susanne Minke; Camera: Fabian Hentzen; Sound: Johanna Leistner; Colour correction: VERINET, M\u00fcnchen; Sound mixing: Echoplex, Berlin; Speakers: Marei Ahmia, Steve Taylor, Holger Franke; Photos: Johanna Leistner, Paavo Bl\u00e5field<\/p>\n\r\n\t\t<\/div>\r\n\t<div class=\"grve-empty-space grve-height-2x\"><\/div><\/div><\/div><\/div><div class=\"grve-column-inner wpb_column grve-column-1-4  grve-mobile-column-hide grve-with-bg-transparent grve-empty-column\"><div class=\"grve-column-wrapper-inner\"><div class=\"grve-column-inner-content\" ><\/div><\/div><\/div><\/div><\/div><\/div><\/div><\/div><\/div><\/div><\/div><div class=\"grve-section grve-row-section grve-fullwidth-background grve-padding-top-1x grve-padding-bottom-1x grve-with-bg-transparent\" data-header-color=\"default\"><div class=\"grve-container\"><div class=\"grve-row grve-bookmark grve-columns-gap-default grve-mobile-vertical-gap-30\"><div class=\"grve-column wpb_column grve-bookmark grve-column-1-2  grve-with-bg-transparent\"><div class=\"grve-column-wrapper\"><div class=\"grve-column-content\" ><h3 class=\"grve-element grve-title grve-align-inherit grve-h4\"><span>Searching for the true Beethoven<\/span><\/h3>\n\t<div class=\"wpb_raw_code wpb_raw_html wpb_content_element\" >\n\t\t<div class=\"wpb_wrapper\">\n\t\t\t<div class=\"cookieconsent-optout-marketing\">Please <a href=\"javascript:Cookiebot.renew()\">accept Marketing Cookies<\/a> to watch this video.<\/div><iframe width=\"560\" height=\"315\" src=\"https:\/\/www.youtube-nocookie.com\/embed\/Bg_TGLTgxV8?si=I9xoID4ytR7VDhnr\" title=\"YouTube video player\" frameborder=\"0\" allow=\"accelerometer; autoplay; clipboard-write; encrypted-media; gyroscope; picture-in-picture; web-share\" referrerpolicy=\"strict-origin-when-cross-origin\" allowfullscreen><\/iframe>\n\t\t<\/div>\n\t<\/div>\n<\/div><\/div><\/div><div class=\"grve-column wpb_column grve-bookmark grve-column-1-2  grve-with-bg-transparent\"><div class=\"grve-column-wrapper\"><div class=\"grve-column-content\" ><div class=\"grve-empty-space grve-height-2x\"><\/div><div class=\"grve-element grve-text\">\r\n\t\t\t<p>What did Beethoven want? Many amateurs find his handwriting difficult to read and even professionals need experience to decipher his autographs. However, a significant composer such as Ludwig van Beethoven, whose 250th birthday will be celebrated all over the world in 2020, deserves that one extracts every last detail from his manuscripts and all other available sources. This is the concept of &#8220;B\u00e4renreiter Urtext&#8221;. The new film &#8220;Searching for the True Beethoven. B\u00e4renreiter Urtext Editions&#8221; gives some insight into how Beethoven editions are created. The protagonist is Jonathan Del Mar, a Beethoven expert who has dedicated much of his life to this composer. Del Mar\u2019s editions have gained worldwide respect and acclaim. In the film he explains how he carries out his work so that conductor Sir Simon Rattle, pianist Igor Levit and the Pierrot Quartett can interprete and play Beethoven\u2019s music just as the ingenious composer intended. These musicians are also featured in the film and demonstrate how exciting it is to incorporate Del Mar\u2019s work in their performances.<\/p>\n\r\n\t\t<\/div>\r\n\t<\/div><\/div><\/div><\/div><\/div><\/div><div class=\"grve-section grve-row-section grve-fullwidth-background grve-padding-top-1x grve-padding-bottom-1x grve-with-bg-transparent\" data-header-color=\"default\"><div class=\"grve-container\"><div class=\"grve-row grve-bookmark grve-columns-gap-default grve-mobile-vertical-gap-30\"><div class=\"grve-column wpb_column grve-bookmark grve-column-1  grve-with-bg-transparent\"><div class=\"grve-column-wrapper\"><div class=\"grve-column-content\" ><div class=\"grve-empty-space grve-height-2x\"><\/div><\/div><\/div><\/div><\/div><\/div><\/div>\n"},"excerpt":{"rendered":"<div class=\"grve-section grve-row-section grve-fullwidth-background grve-padding-top-3x grve-padding-bottom-3x grve-with-bg-color\" data-header-color=\"default\"><div class=\"grve-container\"><div class=\"grve-row grve-bookmark grve-columns-gap-default grve-mobile-vertical-gap-30\"><div class=\"grve-column wpb_column grve-bookmark grve-column-1  grve-with-bg-transparent grve-animated-item\" data-delay=\"0\" data-duration=\"normal\" data-animation=\"fade-in-up\"><div class=\"grve-column-wrapper\"><div class=\"grve-column-content\" ><div class=\"grve-inner-section grve-with-bg-transparent\"><div class=\"grve-row-inner grve-bookmark grve-columns-gap-default grve-mobile-vertical-gap-30\"><div class=\"grve-column-inner wpb_column grve-column-1  grve-tablet-sm-column-2-3 grve-with-bg-transparent\"><div class=\"grve-column-wrapper-inner\"><div class=\"grve-column-inner-content\" ><h2 class=\"grve-element grve-title grve-align-left grve-h3\" style=\"margin-bottom: 30px; color: ;\"><span>B\u00e4renreiter celebrates its 100th anniversary<\/span><\/h2><\/div><\/div><\/div><\/div><\/div><div class=\"grve-inner-section grve-with-bg-transparent\"><div class=\"grve-row-inner grve-bookmark grve-columns-gap-60 grve-mobile-vertical-gap-30\"><div class=\"grve-column-inner wpb_column grve-column-1-2  grve-tablet-sm-column-2-3 grve-with-bg-transparent\"><div class=\"grve-column-wrapper-inner\"><div class=\"grve-column-inner-content\" ><div class=\"grve-element grve-text\">\r\n\t\t\t<p>Let&#8217;s celebrate music!<\/p>\n<p>From simple song sheets to complex Urtext editions: The one-hundred-year history of B\u00e4renreiter has many facets. Today, the name B\u00e4renreiter stands for an exquisite quality of music editions. Musicians who sing and play from \u201cB\u00e4renreiter Urtext\u201d editions can be assured that the music comes as close as possible to the composer\u2019s intentions. The Complete Editions of works by Bach, Handel, Mozart, Schubert and many others, as well as the ensuing Urtext editions are the fundament of the publishing programme. In addition, Urtext editions not affiliated to B\u00e4renreiter Complete Editions, books on music, music pedagogical publications as well as important contemporary compositions are included. One hundred years are a reason to celebrate and a motivation to set out on new challenges.<\/p>\n\r\n\t\t<\/div>\r\n\t<\/div><\/div><\/div><div class=\"grve-column-inner wpb_column grve-column-1-2  grve-with-bg-transparent\"><div class=\"grve-column-wrapper-inner\"><div class=\"grve-column-inner-content\" ><div class=\"grve-empty-space grve-height-1x\"><\/div>\n\t<div class=\"wpb_raw_code wpb_raw_html wpb_content_element\" >\n\t\t<div class=\"wpb_wrapper\">\n\t\t\t<div class=\"cookieconsent-optout-marketing\">Please <a href=\"javascript:Cookiebot.renew()\">accept Marketing Cookies<\/a> to watch this video.<\/div><iframe width=\"560\" height=\"315\" src=\"https:\/\/www.youtube-nocookie.com\/embed\/6xvGpThvcCE?si=jNNdjyk3QknkvFop\" title=\"YouTube video player\" frameborder=\"0\" allow=\"accelerometer; autoplay; clipboard-write; encrypted-media; gyroscope; picture-in-picture; web-share\" referrerpolicy=\"strict-origin-when-cross-origin\" allowfullscreen><\/iframe>\n\t\t<\/div>\n\t<\/div>\n<\/div><\/div><\/div><\/div><\/div><\/div><\/div><\/div><\/div><\/div><\/div><div class=\"grve-section grve-row-section grve-fullwidth-background grve-padding-top-3x grve-padding-bottom-3x grve-with-bg-color\" data-header-color=\"default\"  style=\"background-color:#00a4b7;color:#ffffff;\"><div class=\"grve-container\"><div class=\"grve-row grve-bookmark grve-columns-gap-default grve-mobile-vertical-gap-30\"><div class=\"grve-column wpb_column grve-bookmark grve-column-1  grve-with-bg-transparent grve-animated-item\" data-delay=\"0\" data-duration=\"normal\" data-animation=\"fade-in-up\"><div class=\"grve-column-wrapper\"><div class=\"grve-column-content\" ><div class=\"grve-inner-section grve-with-bg-transparent\"><div class=\"grve-row-inner grve-bookmark grve-columns-gap-default grve-mobile-vertical-gap-30\"><div class=\"grve-column-inner wpb_column grve-column-1-4  grve-tablet-sm-column-2-3 grve-mobile-column-hide grve-with-bg-transparent grve-empty-column\"  style=\"color:#ffffff;\"><div class=\"grve-column-wrapper-inner\"><div class=\"grve-column-inner-content\" ><\/div><\/div><\/div><div class=\"grve-column-inner wpb_column grve-column-1-2  grve-with-bg-transparent\"><div class=\"grve-column-wrapper-inner\"><div class=\"grve-column-inner-content\" ><h2 class=\"grve-element grve-title grve-align-left grve-h3 grve-text-white\" style=\"margin-bottom: 30px;\"><span><br>\n<h1>B\u00e4renreiter Urtext<\/h1>\n<\/span><\/h2><\/div><\/div><\/div><div class=\"grve-column-inner wpb_column grve-column-1-4  grve-mobile-column-hide grve-with-bg-transparent grve-empty-column\"><div class=\"grve-column-wrapper-inner\"><div class=\"grve-column-inner-content\" ><\/div><\/div><\/div><\/div><\/div><div class=\"grve-inner-section grve-with-bg-transparent\"><div class=\"grve-row-inner grve-bookmark grve-columns-gap-default grve-mobile-vertical-gap-30\"><div class=\"grve-column-inner wpb_column grve-column-1-4  grve-tablet-sm-column-2-3 grve-mobile-column-hide grve-with-bg-transparent grve-empty-column\"  style=\"color:#ffffff;\"><div class=\"grve-column-wrapper-inner\"><div class=\"grve-column-inner-content\" ><\/div><\/div><\/div><div class=\"grve-column-inner wpb_column grve-column-1-2  grve-with-bg-transparent\"><div class=\"grve-column-wrapper-inner\"><div class=\"grve-column-inner-content\" >\n\t<div class=\"wpb_raw_code wpb_raw_html wpb_content_element\" >\n\t\t<div class=\"wpb_wrapper\">\n\t\t\t<div class=\"cookieconsent-optout-marketing\">Please <a href=\"javascript:Cookiebot.renew()\">accept Marketing Cookies<\/a> to watch this video.<\/div><iframe width=\"560\" height=\"315\" src=\"https:\/\/www.youtube-nocookie.com\/embed\/yzzosvTN27U?si=wqzt9AShJW2qRQGr\" title=\"YouTube video player\" frameborder=\"0\" allow=\"accelerometer; autoplay; clipboard-write; encrypted-media; gyroscope; picture-in-picture; web-share\" referrerpolicy=\"strict-origin-when-cross-origin\" allowfullscreen><\/iframe>\n\t\t<\/div>\n\t<\/div>\n<div class=\"grve-empty-space grve-height-1x\"><\/div><div class=\"grve-element grve-text\">\r\n\t\t\t<p>Renowned conductor and musicologist Christopher Hogwood (\u2020 2014) takes you on a journey through B\u00e4renreiter. Come with us behind the scenes. You will be given an insight into the editorial and production process of an Urtext edition. The history of this family-owned company is also revealed.<\/p>\n<p>Musical works recorded for the film:<\/p>\n<p>Johannes Brahms: \u201eAlbumblatt for Piano\u201d<br \/>\nB\u00c4RENREITER URTEXT, edited by Christopher Hogwood, BA 9606<br \/>\nPerformed by Seiko Amano-Harborth in the B\u00e4renreiter library<\/p>\n<p>Johannes Brahms: \u201eTrio for Violin, Horn (Viola or Violoncello) and Piano op. 40\u201d<br \/>\nB\u00c4RENREITER URTEXT, edited by Christopher Hogwood, BA 9435<br \/>\nLive recording of a masterclass with Christopher Hogwood at the Hochschule f\u00fcr Musik und Darstellende Kunst Frankfurt am Main (4 June 2012); participants: Chenjun Fan (violin), C\u00e9cile Dorch\u00eane (violin\/gut strings), Elen Guloyan (viola), Michael Preu\u00df (violoncello), Yan Su (piano), Sung-Jae Kim (piano), Tobias Hartlieb (historical pianoforte), Catherine Eisele (French horn), Georg K\u00f6hler (natural horn).<\/p>\n<p>Direction, Concept, Production management, Cut: Susanne Minke; Camera: Fabian Hentzen; Sound: Johanna Leistner; Colour correction: VERINET, M\u00fcnchen; Sound mixing: Echoplex, Berlin; Speakers: Marei Ahmia, Steve Taylor, Holger Franke; Photos: Johanna Leistner, Paavo Bl\u00e5field<\/p>\n\r\n\t\t<\/div>\r\n\t<div class=\"grve-empty-space grve-height-2x\"><\/div><\/div><\/div><\/div><div class=\"grve-column-inner wpb_column grve-column-1-4  grve-mobile-column-hide grve-with-bg-transparent grve-empty-column\"><div class=\"grve-column-wrapper-inner\"><div class=\"grve-column-inner-content\" ><\/div><\/div><\/div><\/div><\/div><\/div><\/div><\/div><\/div><\/div><\/div><div class=\"grve-section grve-row-section grve-fullwidth-background grve-padding-top-1x grve-padding-bottom-1x grve-with-bg-transparent\" data-header-color=\"default\"><div class=\"grve-container\"><div class=\"grve-row grve-bookmark grve-columns-gap-default grve-mobile-vertical-gap-30\"><div class=\"grve-column wpb_column grve-bookmark grve-column-1-2  grve-with-bg-transparent\"><div class=\"grve-column-wrapper\"><div class=\"grve-column-content\" ><h3 class=\"grve-element grve-title grve-align-inherit grve-h4\"><span>Searching for the true Beethoven<\/span><\/h3>\n\t<div class=\"wpb_raw_code wpb_raw_html wpb_content_element\" >\n\t\t<div class=\"wpb_wrapper\">\n\t\t\t<div class=\"cookieconsent-optout-marketing\">Please <a href=\"javascript:Cookiebot.renew()\">accept Marketing Cookies<\/a> to watch this video.<\/div><iframe width=\"560\" height=\"315\" src=\"https:\/\/www.youtube-nocookie.com\/embed\/Bg_TGLTgxV8?si=I9xoID4ytR7VDhnr\" title=\"YouTube video player\" frameborder=\"0\" allow=\"accelerometer; autoplay; clipboard-write; encrypted-media; gyroscope; picture-in-picture; web-share\" referrerpolicy=\"strict-origin-when-cross-origin\" allowfullscreen><\/iframe>\n\t\t<\/div>\n\t<\/div>\n<\/div><\/div><\/div><div class=\"grve-column wpb_column grve-bookmark grve-column-1-2  grve-with-bg-transparent\"><div class=\"grve-column-wrapper\"><div class=\"grve-column-content\" ><div class=\"grve-empty-space grve-height-2x\"><\/div><div class=\"grve-element grve-text\">\r\n\t\t\t<p>What did Beethoven want? Many amateurs find his handwriting difficult to read and even professionals need experience to decipher his autographs. However, a significant composer such as Ludwig van Beethoven, whose 250th birthday will be celebrated all over the world in 2020, deserves that one extracts every last detail from his manuscripts and all other available sources. This is the concept of &#8220;B\u00e4renreiter Urtext&#8221;. The new film &#8220;Searching for the True Beethoven. B\u00e4renreiter Urtext Editions&#8221; gives some insight into how Beethoven editions are created. The protagonist is Jonathan Del Mar, a Beethoven expert who has dedicated much of his life to this composer. Del Mar\u2019s editions have gained worldwide respect and acclaim. In the film he explains how he carries out his work so that conductor Sir Simon Rattle, pianist Igor Levit and the Pierrot Quartett can interprete and play Beethoven\u2019s music just as the ingenious composer intended. These musicians are also featured in the film and demonstrate how exciting it is to incorporate Del Mar\u2019s work in their performances.<\/p>\n\r\n\t\t<\/div>\r\n\t<\/div><\/div><\/div><\/div><\/div><\/div><div class=\"grve-section grve-row-section grve-fullwidth-background grve-padding-top-1x grve-padding-bottom-1x grve-with-bg-transparent\" data-header-color=\"default\"><div class=\"grve-container\"><div class=\"grve-row grve-bookmark grve-columns-gap-default grve-mobile-vertical-gap-30\"><div class=\"grve-column wpb_column grve-bookmark grve-column-1  grve-with-bg-transparent\"><div class=\"grve-column-wrapper\"><div class=\"grve-column-content\" ><div class=\"grve-empty-space grve-height-2x\"><\/div><\/div><\/div><\/div><\/div><\/div><\/div>\n"},"author":5,"featured_media":0,"parent":0,"menu_order":0,"comment_status":"closed","ping_status":"closed","template":"","meta":{"_acf_changed":false,"_vp_format_video_url":"","_vp_image_focal_point":[],"_vp_custom_popup_image":0,"_vp_format_audio_url":"","_vp_album_images":[],"_vp_custom_thumbnail":0,"_vp_custom_thumbnail_focal_point":[],"_vp_custom_thumbnail_cover":0,"_vp_hover_thumbnail":0,"_vp_hover_thumbnail_focal_point":[],"footnotes":""},"class_list":["post-10762","page","type-page","status-publish","hentry","grve-entry-item"],"acf":[],"wpml_current_locale":"en_US","wpml_translations":{"de_DE":{"locale":"de_DE","id":10004,"slug":"filme-ueber-baerenreiter","post_title":"Filme \u00fcber B\u00e4renreiter","href":"https:\/\/emag.baerenreiter.com\/filme-ueber-baerenreiter\/"}},"_links":{"self":[{"href":"https:\/\/emag.baerenreiter.com\/en\/wp-json\/wp\/v2\/pages\/10762","targetHints":{"allow":["GET"]}}],"collection":[{"href":"https:\/\/emag.baerenreiter.com\/en\/wp-json\/wp\/v2\/pages"}],"about":[{"href":"https:\/\/emag.baerenreiter.com\/en\/wp-json\/wp\/v2\/types\/page"}],"author":[{"embeddable":true,"href":"https:\/\/emag.baerenreiter.com\/en\/wp-json\/wp\/v2\/users\/5"}],"replies":[{"embeddable":true,"href":"https:\/\/emag.baerenreiter.com\/en\/wp-json\/wp\/v2\/comments?post=10762"}],"version-history":[{"count":3,"href":"https:\/\/emag.baerenreiter.com\/en\/wp-json\/wp\/v2\/pages\/10762\/revisions"}],"predecessor-version":[{"id":16317,"href":"https:\/\/emag.baerenreiter.com\/en\/wp-json\/wp\/v2\/pages\/10762\/revisions\/16317"}],"wp:attachment":[{"href":"https:\/\/emag.baerenreiter.com\/en\/wp-json\/wp\/v2\/media?parent=10762"}],"curies":[{"name":"wp","href":"https:\/\/api.w.org\/{rel}","templated":true}]}}